{"id":1192,"date":"2021-12-11T22:23:18","date_gmt":"2021-12-11T21:23:18","guid":{"rendered":"https:\/\/rayoflightthemes.com\/wordpress-themes\/talking-minds-wordpress-theme\/?page_id=1192"},"modified":"2024-09-08T22:15:41","modified_gmt":"2024-09-08T20:15:41","slug":"kontakt","status":"publish","type":"page","link":"https:\/\/somacare.pl\/index.php\/kontakt\/","title":{"rendered":"Kontakt"},"content":{"rendered":"\t\t<div data-elementor-type=\"wp-page\" data-elementor-id=\"1192\" class=\"elementor elementor-1192\">\n\t\t\t\t\t\t<section class=\"elementor-section elementor-top-section elementor-element elementor-element-5305987 elementor-section-boxed elementor-section-height-default elementor-section-height-default\" data-id=\"5305987\" data-element_type=\"section\" data-e-type=\"section\" data-settings=\"{&quot;background_background&quot;:&quot;classic&quot;}\">\n\t\t\t\t\t\t<div class=\"elementor-container elementor-column-gap-default\">\n\t\t\t\t\t<div class=\"elementor-column elementor-col-100 elementor-top-column elementor-element elementor-element-905a114\" data-id=\"905a114\" data-element_type=\"column\" data-e-type=\"column\">\n\t\t\t<div class=\"elementor-widget-wrap elementor-element-populated\">\n\t\t\t\t\t\t<div class=\"elementor-element elementor-element-a2262da elementor-widget elementor-widget-text-editor\" data-id=\"a2262da\" data-element_type=\"widget\" data-e-type=\"widget\" data-widget_type=\"text-editor.default\">\n\t\t\t\t<div class=\"elementor-widget-container\">\n\t\t\t\t\t\t\t\t\t<h2 style=\"text-align: center;\">Zapraszamy do kontaktu z nami<\/h2><div><br><\/div>\t\t\t\t\t\t\t\t<\/div>\n\t\t\t\t<\/div>\n\t\t\t\t\t<\/div>\n\t\t<\/div>\n\t\t\t\t\t<\/div>\n\t\t<\/section>\n\t\t\t\t<section class=\"elementor-section elementor-top-section elementor-element elementor-element-bc85ec3 elementor-section-boxed elementor-section-height-default elementor-section-height-default\" data-id=\"bc85ec3\" data-element_type=\"section\" data-e-type=\"section\">\n\t\t\t\t\t\t<div class=\"elementor-container elementor-column-gap-default\">\n\t\t\t\t\t<div class=\"elementor-column elementor-col-100 elementor-top-column elementor-element elementor-element-eae9cb9\" data-id=\"eae9cb9\" data-element_type=\"column\" data-e-type=\"column\">\n\t\t\t<div class=\"elementor-widget-wrap elementor-element-populated\">\n\t\t\t\t\t\t<div class=\"elementor-section elementor-inner-section elementor-element elementor-element-4c16e5f elementor-section-boxed elementor-section-height-default elementor-section-height-default\" data-id=\"4c16e5f\" data-element_type=\"section\" data-e-type=\"section\" data-settings=\"{&quot;animation&quot;:&quot;none&quot;}\">\n\t\t\t\t\t\t<div class=\"elementor-container elementor-column-gap-extended\">\n\t\t\t\t\t<div class=\"elementor-column elementor-col-25 elementor-inner-column elementor-element elementor-element-3411e01 elementor-invisible\" data-id=\"3411e01\" data-element_type=\"column\" data-e-type=\"column\" data-settings=\"{&quot;animation&quot;:&quot;zoomIn&quot;,&quot;background_background&quot;:&quot;classic&quot;}\">\n\t\t\t<div class=\"elementor-widget-wrap elementor-element-populated\">\n\t\t\t\t\t\t<div class=\"elementor-element elementor-element-d4b97a5 elementor-widget elementor-widget-rttalkingminds-iconbox6\" data-id=\"d4b97a5\" data-element_type=\"widget\" data-e-type=\"widget\" data-widget_type=\"rttalkingminds-iconbox6.default\">\n\t\t\t\t<div class=\"elementor-widget-container\">\n\t\t\t\t\t\r\n  <div class=\"icon-box5 icon-box6\">\r\n    <div class=\"icon-box5-img\"><img decoding=\"async\" src=\"https:\/\/rayoflightthemes.com\/wordpress-themes\/talking-minds-wordpress-theme\/wp-content\/uploads\/2022\/01\/icon-call.svg\" alt=\"Telefon\"><\/div>\r\n\t\t<h3>Telefon<\/h3> \r\n  <\/div>   \r\n\t\t\t\t<\/div>\n\t\t\t\t<\/div>\n\t\t\t\t<div class=\"elementor-element elementor-element-b0a1123 elementor-widget elementor-widget-text-editor\" data-id=\"b0a1123\" data-element_type=\"widget\" data-e-type=\"widget\" data-widget_type=\"text-editor.default\">\n\t\t\t\t<div class=\"elementor-widget-container\">\n\t\t\t\t\t\t\t\t\t<p>+48 71 300 14 10<\/p>\t\t\t\t\t\t\t\t<\/div>\n\t\t\t\t<\/div>\n\t\t\t\t\t<\/div>\n\t\t<\/div>\n\t\t\t\t<div class=\"elementor-column elementor-col-25 elementor-inner-column elementor-element elementor-element-0fda512 elementor-invisible\" data-id=\"0fda512\" data-element_type=\"column\" data-e-type=\"column\" data-settings=\"{&quot;animation&quot;:&quot;zoomIn&quot;,&quot;background_background&quot;:&quot;classic&quot;}\">\n\t\t\t<div class=\"elementor-widget-wrap elementor-element-populated\">\n\t\t\t\t\t\t<div class=\"elementor-element elementor-element-65c1494 elementor-widget elementor-widget-rttalkingminds-iconbox6\" data-id=\"65c1494\" data-element_type=\"widget\" data-e-type=\"widget\" data-widget_type=\"rttalkingminds-iconbox6.default\">\n\t\t\t\t<div class=\"elementor-widget-container\">\n\t\t\t\t\t\r\n  <div class=\"icon-box5 icon-box6\">\r\n    <div class=\"icon-box5-img\"><img decoding=\"async\" src=\"https:\/\/rayoflightthemes.com\/wordpress-themes\/talking-minds-wordpress-theme\/wp-content\/uploads\/2022\/01\/icon-call1.svg\" alt=\"Email\"><\/div>\r\n\t\t<h3>Email<\/h3> \r\n  <\/div>   \r\n\t\t\t\t<\/div>\n\t\t\t\t<\/div>\n\t\t\t\t<div class=\"elementor-element elementor-element-e6929c5 elementor-widget elementor-widget-text-editor\" data-id=\"e6929c5\" data-element_type=\"widget\" data-e-type=\"widget\" data-widget_type=\"text-editor.default\">\n\t\t\t\t<div class=\"elementor-widget-container\">\n\t\t\t\t\t\t\t\t\t<p><a href=\"mailto:gabinety@somacare.pl\">gabinety@somacare.pl<\/a><\/p>\t\t\t\t\t\t\t\t<\/div>\n\t\t\t\t<\/div>\n\t\t\t\t\t<\/div>\n\t\t<\/div>\n\t\t\t\t<div class=\"elementor-column elementor-col-25 elementor-inner-column elementor-element elementor-element-1dd8cb5 elementor-invisible\" data-id=\"1dd8cb5\" data-element_type=\"column\" data-e-type=\"column\" data-settings=\"{&quot;animation&quot;:&quot;zoomIn&quot;,&quot;animation_delay&quot;:400,&quot;background_background&quot;:&quot;classic&quot;}\">\n\t\t\t<div class=\"elementor-widget-wrap elementor-element-populated\">\n\t\t\t\t\t\t<div class=\"elementor-element elementor-element-490d03a elementor-widget elementor-widget-rttalkingminds-iconbox5\" data-id=\"490d03a\" data-element_type=\"widget\" data-e-type=\"widget\" data-widget_type=\"rttalkingminds-iconbox5.default\">\n\t\t\t\t<div class=\"elementor-widget-container\">\n\t\t\t\t\t  <div class=\"icon-box5\">\n    <div class=\"icon-box5-img\"><img decoding=\"async\" src=\"https:\/\/rayoflightthemes.com\/wordpress-themes\/talking-minds-wordpress-theme\/wp-content\/uploads\/2022\/01\/icon-call2.svg\" alt=\"Adres\"><\/div>\n\t\t<h3>Adres<\/h3> \n    <p>ul.Braniborska 14<\/p>\n\t\t<p>53-680 Wroc\u0142aw<\/p>\n  <\/div>\n\t\t\t\t\t<\/div>\n\t\t\t\t<\/div>\n\t\t\t\t\t<\/div>\n\t\t<\/div>\n\t\t\t\t<div class=\"elementor-column elementor-col-25 elementor-inner-column elementor-element elementor-element-c53b59d elementor-invisible\" data-id=\"c53b59d\" data-element_type=\"column\" data-e-type=\"column\" data-settings=\"{&quot;animation&quot;:&quot;zoomIn&quot;,&quot;animation_delay&quot;:600,&quot;background_background&quot;:&quot;classic&quot;}\">\n\t\t\t<div class=\"elementor-widget-wrap elementor-element-populated\">\n\t\t\t\t\t\t<div class=\"elementor-element elementor-element-5245c1c elementor-widget elementor-widget-rttalkingminds-iconbox5\" data-id=\"5245c1c\" data-element_type=\"widget\" data-e-type=\"widget\" data-widget_type=\"rttalkingminds-iconbox5.default\">\n\t\t\t\t<div class=\"elementor-widget-container\">\n\t\t\t\t\t  <div class=\"icon-box5\">\n    <div class=\"icon-box5-img\"><img decoding=\"async\" src=\"https:\/\/rayoflightthemes.com\/wordpress-themes\/talking-minds-wordpress-theme\/wp-content\/uploads\/2022\/01\/icon-call3.svg\" alt=\"Godziny otwarcia\"><\/div>\n\t\t<h3>Godziny otwarcia<\/h3> \n    <p>Poniedzia\u0142ek - Pi\u0105tek<\/p>\n\t\t<p>7.00 - 20.00<\/p>\n  <\/div>\n\t\t\t\t\t<\/div>\n\t\t\t\t<\/div>\n\t\t\t\t\t<\/div>\n\t\t<\/div>\n\t\t\t\t\t<\/div>\n\t\t<\/div>\n\t\t\t\t\t<\/div>\n\t\t<\/div>\n\t\t\t\t\t<\/div>\n\t\t<\/section>\n\t\t\t\t<div class=\"elementor-section elementor-top-section elementor-element elementor-element-b0f50d5 elementor-section-full_width elementor-section-height-default elementor-section-height-default\" data-id=\"b0f50d5\" data-element_type=\"section\" data-e-type=\"section\">\n\t\t\t\t\t\t<div class=\"elementor-container elementor-column-gap-no\">\n\t\t\t\t\t<div class=\"elementor-column elementor-col-100 elementor-top-column elementor-element elementor-element-341959b\" data-id=\"341959b\" data-element_type=\"column\" data-e-type=\"column\">\n\t\t\t<div class=\"elementor-widget-wrap elementor-element-populated\">\n\t\t\t\t\t\t<div class=\"elementor-element elementor-element-2e33a7c elementor-widget elementor-widget-html\" data-id=\"2e33a7c\" data-element_type=\"widget\" data-e-type=\"widget\" data-settings=\"{&quot;_animation&quot;:&quot;none&quot;}\" data-widget_type=\"html.default\">\n\t\t\t\t<div class=\"elementor-widget-container\">\n\t\t\t\t\t<iframe src=\"https:\/\/www.google.com\/maps\/embed?pb=!1m18!1m12!1m3!1d1823.1490142044527!2d17.009352962201376!3d51.10989456508797!2m3!1f0!2f0!3f0!3m2!1i1024!2i768!4f13.1!3m3!1m2!1s0x470fc208ea65ceb5%3A0x367812a5bb05e276!2sGaleria%20Wn%C4%99trz%20Domar!5e0!3m2!1spl!2spl!4v1669570432191!5m2!1spl!2spl\" width=\"600\" height=\"450\" style=\"border:0;\" allowfullscreen=\"\" loading=\"lazy\" referrerpolicy=\"no-referrer-when-downgrade\"><\/iframe>\t\t\t\t<\/div>\n\t\t\t\t<\/div>\n\t\t\t\t\t<\/div>\n\t\t<\/div>\n\t\t\t\t\t<\/div>\n\t\t<\/div>\n\t\t\t\t<\/div>\n\t\t","protected":false},"excerpt":{"rendered":"<p>Zapraszamy do kontaktu z nami Telefon +48 71 300 14 10 Email gabinety@somacare.pl Adres ul.Braniborska 14 53-680 Wroc\u0142aw Godziny otwarcia Poniedzia\u0142ek &#8211; Pi\u0105tek 7.00 &#8211; 20.00<\/p>\n","protected":false},"author":2,"featured_media":0,"parent":0,"menu_order":0,"comment_status":"closed","ping_status":"closed","template":"templates\/page-full-title.php","meta":{"_acf_changed":false,"inline_featured_image":false,"footnotes":""},"class_list":["post-1192","page","type-page","status-publish","hentry"],"acf":[],"_links":{"self":[{"href":"https:\/\/somacare.pl\/index.php\/wp-json\/wp\/v2\/pages\/1192","targetHints":{"allow":["GET"]}}],"collection":[{"href":"https:\/\/somacare.pl\/index.php\/wp-json\/wp\/v2\/pages"}],"about":[{"href":"https:\/\/somacare.pl\/index.php\/wp-json\/wp\/v2\/types\/page"}],"author":[{"embeddable":true,"href":"https:\/\/somacare.pl\/index.php\/wp-json\/wp\/v2\/users\/2"}],"replies":[{"embeddable":true,"href":"https:\/\/somacare.pl\/index.php\/wp-json\/wp\/v2\/comments?post=1192"}],"version-history":[{"count":21,"href":"https:\/\/somacare.pl\/index.php\/wp-json\/wp\/v2\/pages\/1192\/revisions"}],"predecessor-version":[{"id":4952,"href":"https:\/\/somacare.pl\/index.php\/wp-json\/wp\/v2\/pages\/1192\/revisions\/4952"}],"wp:attachment":[{"href":"https:\/\/somacare.pl\/index.php\/wp-json\/wp\/v2\/media?parent=1192"}],"curies":[{"name":"wp","href":"https:\/\/api.w.org\/{rel}","templated":true}]}}