{"id":1658,"date":"2021-12-13T20:54:06","date_gmt":"2021-12-13T19:54:06","guid":{"rendered":"https:\/\/rayoflightthemes.com\/wordpress-themes\/talking-minds-wordpress-theme\/?page_id=1658"},"modified":"2024-03-25T00:00:39","modified_gmt":"2024-03-24T23:00:39","slug":"marcin-brzozowski","status":"publish","type":"page","link":"https:\/\/somacare.pl\/index.php\/marcin-brzozowski\/","title":{"rendered":"Marcin Brzozowski"},"content":{"rendered":"\t\t<div data-elementor-type=\"wp-page\" data-elementor-id=\"1658\" class=\"elementor elementor-1658\">\n\t\t\t\t\t\t<section class=\"elementor-section elementor-top-section elementor-element elementor-element-875857f elementor-section-content-middle elementor-section-boxed elementor-section-height-default elementor-section-height-default\" data-id=\"875857f\" data-element_type=\"section\" data-e-type=\"section\">\n\t\t\t\t\t\t<div class=\"elementor-container elementor-column-gap-extended\">\n\t\t\t\t\t<div class=\"elementor-column elementor-col-50 elementor-top-column elementor-element elementor-element-ca799f4\" data-id=\"ca799f4\" data-element_type=\"column\" data-e-type=\"column\">\n\t\t\t<div class=\"elementor-widget-wrap elementor-element-populated\">\n\t\t\t\t\t\t<div class=\"elementor-element elementor-element-6da9e89 elementor-widget elementor-widget-text-editor\" data-id=\"6da9e89\" data-element_type=\"widget\" data-e-type=\"widget\" data-widget_type=\"text-editor.default\">\n\t\t\t\t<div class=\"elementor-widget-container\">\n\t\t\t\t\t\t\t\t\t<h2>Marcin Brzozowski<\/h2><h4 style=\"margin-bottom: 28px; color: #26aba3; font-weight: bold;\">Osteopata, osteopata dzieci\u0119cy, fizjoterapeuta<\/h4><p><span style=\"font-weight: 400;\">Pracuj\u0119 z pacjentami od 2004 roku. Zgodnie z mottem Osteopatii szukam w pacjencie zdrowia, a ka\u017cdego traktuj\u0119 indywidualnie i kompleksowo. <\/span><span style=\"font-weight: 400;\">W terapii d\u0105\u017c\u0119 do stworzenia najlepszych warunk\u00f3w, kt\u00f3re umo\u017cliwi\u0105 Twojemu organizmowi pe\u0142ne wykorzystanie si\u0142 autoleczniczych. <\/span><\/p><p><span style=\"font-weight: 400;\">W swojej pracy wykorzystuj\u0119 techniki osteopatyczne, techniki mi\u0119\u015bniowo-powi\u0119ziowe, terapi\u0119 manualn\u0105, kinesiology taping czy wybrane \u0107wiczenia lecznicze. <\/span><\/p><p><span style=\"font-weight: 400;\">Przyjmuj\u0119 pacjent\u00f3w w ka\u017cdym wieku &#8211; od tych kilkudniowych do tych 100+, z zaburzeniami ortopedycznymi, neurologicznymi, zaburzeniami gastrycznymi (wisceralnymi &#8211; np. refluks, zgaga, zaparcia, wzd\u0119cia, biegunki), chocia\u017c najcz\u0119\u015bciej zg\u0142aszaj\u0105 si\u0119 Ci z b\u00f3lem. Zazwyczaj l\u0119d\u017awi, szyi, g\u0142owy, staw\u00f3w obwodowych i wielu innych zaburzeniach.<\/span><span style=\"font-weight: 400;\"><br \/><\/span><\/p><p><span style=\"font-weight: 400;\">Absolwent AWF, Akademii Osteopatii, a obecnie w trakcie 2-letniej specjalizacji pediatrycznej.<\/span><span style=\"font-weight: 400;\"><br \/><\/span><\/p><p><span style=\"font-weight: 400;\">Jako do\u015bwiadczony nauczyciel akademicki, b\u0119d\u0105cy wsp\u00f3\u0142autorem wielu publikacji, posiadam dodatkowo szeroki zakres wiedzy odno\u015bnie fizjoterapii w wielu jednostkach chorobowych.<\/span><\/p><p><span style=\"font-weight: 400;\">Poza tym prowadz\u0119 w ca\u0142ej Polsce szkolenia bran\u017cowe dla fizjoterapeut\u00f3w oraz student\u00f3w fizjoterapii.\u00a0<\/span><\/p><p><span style=\"font-weight: 400;\">\u00a0<\/span><\/p>\t\t\t\t\t\t\t\t<\/div>\n\t\t\t\t<\/div>\n\t\t\t\t<div class=\"elementor-element elementor-element-03dce5f elementor-widget elementor-widget-html\" data-id=\"03dce5f\" data-element_type=\"widget\" data-e-type=\"widget\" data-widget_type=\"html.default\">\n\t\t\t\t<div class=\"elementor-widget-container\">\n\t\t\t\t\t<a id=\"zl-url\" class=\"zl-url\" href=\"https:\/\/www.znanylekarz.pl\/marcin-brzozowski\/osteopata-fizjoterapeuta-fizjoterapeuta-dzieciecy\/wroclaw\" rel=\"nofollow\" data-zlw-doctor=\"marcin-brzozowski\" data-zlw-type=\"big_with_calendar\" data-zlw-opinion=\"false\" data-zlw-hide-branding=\"true\">Marcin Brzozowski - ZnanyLekarz.pl<\/a><script>!function($_x,_s,id){var js,fjs=$_x.getElementsByTagName(_s)[0];if(!$_x.getElementById(id)){js = $_x.createElement(_s);js.id = id;js.src = \"\/\/platform.docplanner.com\/js\/widget.js\";fjs.parentNode.insertBefore(js,fjs);}}(document,\"script\",\"zl-widget-s\");<\/script>\t\t\t\t<\/div>\n\t\t\t\t<\/div>\n\t\t\t\t<div class=\"elementor-element elementor-element-24d09da elementor-widget elementor-widget-spacer\" data-id=\"24d09da\" data-element_type=\"widget\" data-e-type=\"widget\" data-widget_type=\"spacer.default\">\n\t\t\t\t<div class=\"elementor-widget-container\">\n\t\t\t\t\t\t\t<div class=\"elementor-spacer\">\n\t\t\t<div class=\"elementor-spacer-inner\"><\/div>\n\t\t<\/div>\n\t\t\t\t\t\t<\/div>\n\t\t\t\t<\/div>\n\t\t\t\t\t<\/div>\n\t\t<\/div>\n\t\t\t\t<div class=\"elementor-column elementor-col-50 elementor-top-column elementor-element elementor-element-3dac063\" data-id=\"3dac063\" data-element_type=\"column\" data-e-type=\"column\">\n\t\t\t<div class=\"elementor-widget-wrap elementor-element-populated\">\n\t\t\t\t\t\t<div class=\"elementor-element elementor-element-d2c2b0a elementor-widget elementor-widget-image\" data-id=\"d2c2b0a\" data-element_type=\"widget\" data-e-type=\"widget\" data-widget_type=\"image.default\">\n\t\t\t\t<div class=\"elementor-widget-container\">\n\t\t\t\t\t\t\t\t\t\t\t\t\t\t\t<img fetchpriority=\"high\" decoding=\"async\" width=\"395\" height=\"397\" src=\"https:\/\/somacare.pl\/wp-content\/uploads\/2024\/03\/Brzozowski.png\" class=\"attachment-large size-large wp-image-4894\" alt=\"\" srcset=\"https:\/\/somacare.pl\/wp-content\/uploads\/2024\/03\/Brzozowski.png 395w, https:\/\/somacare.pl\/wp-content\/uploads\/2024\/03\/Brzozowski-298x300.png 298w, https:\/\/somacare.pl\/wp-content\/uploads\/2024\/03\/Brzozowski-150x150.png 150w, https:\/\/somacare.pl\/wp-content\/uploads\/2024\/03\/Brzozowski-64x64.png 64w, https:\/\/somacare.pl\/wp-content\/uploads\/2024\/03\/Brzozowski-65x65.png 65w\" sizes=\"(max-width: 395px) 100vw, 395px\" \/>\t\t\t\t\t\t\t\t\t\t\t\t\t\t\t<\/div>\n\t\t\t\t<\/div>\n\t\t\t\t<div class=\"elementor-element elementor-element-e08c514 elementor-widget elementor-widget-heading\" data-id=\"e08c514\" data-element_type=\"widget\" data-e-type=\"widget\" data-widget_type=\"heading.default\">\n\t\t\t\t<div class=\"elementor-widget-container\">\n\t\t\t\t\t<h2 class=\"elementor-heading-title elementor-size-default\">W jakich przypadkach warto spotka\u0107 si\u0119 z Marcinem?<\/h2>\t\t\t\t<\/div>\n\t\t\t\t<\/div>\n\t\t\t\t<div class=\"elementor-element elementor-element-ac7b144 elementor-widget elementor-widget-accordion\" data-id=\"ac7b144\" data-element_type=\"widget\" data-e-type=\"widget\" data-widget_type=\"accordion.default\">\n\t\t\t\t<div class=\"elementor-widget-container\">\n\t\t\t\t\t\t\t<div class=\"elementor-accordion\">\n\t\t\t\t\t\t\t<div class=\"elementor-accordion-item\">\n\t\t\t\t\t<div id=\"elementor-tab-title-1801\" class=\"elementor-tab-title\" data-tab=\"1\" role=\"button\" aria-controls=\"elementor-tab-content-1801\" aria-expanded=\"false\">\n\t\t\t\t\t\t\t\t\t\t\t\t\t<span class=\"elementor-accordion-icon elementor-accordion-icon-left\" aria-hidden=\"true\">\n\t\t\t\t\t\t\t\t\t\t\t\t\t\t\t<span class=\"elementor-accordion-icon-closed\"><i class=\"fas fa-plus\"><\/i><\/span>\n\t\t\t\t\t\t\t\t<span class=\"elementor-accordion-icon-opened\"><i class=\"fas fa-minus\"><\/i><\/span>\n\t\t\t\t\t\t\t\t\t\t\t\t\t\t<\/span>\n\t\t\t\t\t\t\t\t\t\t\t\t<a class=\"elementor-accordion-title\" tabindex=\"0\">Osteopatia dzieci\u0119ca<\/a>\n\t\t\t\t\t<\/div>\n\t\t\t\t\t<div id=\"elementor-tab-content-1801\" class=\"elementor-tab-content elementor-clearfix\" data-tab=\"1\" role=\"region\" aria-labelledby=\"elementor-tab-title-1801\"><ul><li><span style=\"color: #000000;\">asymetrie w obr\u0119bie g\u0142owy, szyi lub tu\u0142owia<\/span><\/li><li><span style=\"color: #000000;\">kolka<\/span><\/li><li><span style=\"color: #000000;\">nadpobudliwo\u015b\u0107 i p\u0142aczliwo\u015b\u0107<\/span><\/li><li><span style=\"color: #000000;\">nieprawid\u0142owe napi\u0119cie mi\u0119\u015bniowe<\/span><\/li><li><span style=\"color: #000000;\">problemy z osi\u0105ganiem kamieni milowych<\/span><\/li><li><span style=\"color: #000000;\">b\u00f3le g\u0142owy, migreny, zawroty g\u0142owy<\/span><\/li><li><span style=\"color: #000000;\">dysplazja stawu biodrowego<\/span><\/li><li><span style=\"color: #000000;\">niedro\u017cno\u015b\u0107 kanalika \u0142zowego<\/span><\/li><li><span style=\"color: #000000;\">ograniczenia ruchomo\u015bci kr\u0119gos\u0142upa i\/lub staw\u00f3w<\/span><\/li><li><span style=\"color: #000000;\">podatno\u015b\u0107 na infekcje<\/span><\/li><li><span style=\"color: #000000;\">problemy z koncentracj\u0105<\/span><\/li><li><span style=\"color: #000000;\">problemy z trawieniem<\/span><\/li><li><span style=\"color: #000000;\">przewlek\u0142e zapalenia p\u0142uc i oskrzeli<\/span><\/li><li><span style=\"color: #000000;\">refluks \u017co\u0142\u0105dkowo-prze\u0142ykowy<\/span><\/li><li><span style=\"color: #000000;\">urazy i przeci\u0105\u017cenia uk\u0142adu ruchu<\/span><\/li><li><span style=\"color: #000000;\">zapalenie ucha \u015brodkowego;<\/span><\/li><li><span style=\"color: #000000;\">zapalenie zatok<\/span><\/li><li><span style=\"color: #000000;\">zaparcia<\/span><\/li><\/ul><\/div>\n\t\t\t\t<\/div>\n\t\t\t\t\t\t\t<div class=\"elementor-accordion-item\">\n\t\t\t\t\t<div id=\"elementor-tab-title-1802\" class=\"elementor-tab-title\" data-tab=\"2\" role=\"button\" aria-controls=\"elementor-tab-content-1802\" aria-expanded=\"false\">\n\t\t\t\t\t\t\t\t\t\t\t\t\t<span class=\"elementor-accordion-icon elementor-accordion-icon-left\" aria-hidden=\"true\">\n\t\t\t\t\t\t\t\t\t\t\t\t\t\t\t<span class=\"elementor-accordion-icon-closed\"><i class=\"fas fa-plus\"><\/i><\/span>\n\t\t\t\t\t\t\t\t<span class=\"elementor-accordion-icon-opened\"><i class=\"fas fa-minus\"><\/i><\/span>\n\t\t\t\t\t\t\t\t\t\t\t\t\t\t<\/span>\n\t\t\t\t\t\t\t\t\t\t\t\t<a class=\"elementor-accordion-title\" tabindex=\"0\">Osteopatia og\u00f3lna<\/a>\n\t\t\t\t\t<\/div>\n\t\t\t\t\t<div id=\"elementor-tab-content-1802\" class=\"elementor-tab-content elementor-clearfix\" data-tab=\"2\" role=\"region\" aria-labelledby=\"elementor-tab-title-1802\"><ul><li><span style=\"color: #000000;\">typowe kontuzje sportowe i\u00a0przeci\u0105\u017cenia<\/span><\/li><li><span style=\"color: #000000;\">b\u00f3le stawowe w\u00a0obr\u0119bie ko\u0144czyn g\u00f3rnych i\u00a0dolnych,<\/span><\/li><li><span style=\"color: #000000;\"><a style=\"color: #000000;\" href=\"https:\/\/www.rehasport.pl\/kregoslup\/bol-kregoslupa-poznaj-przyczyny-bolu-plecow,5210,n,4326\" target=\"_blank\" rel=\"noopener\">b\u00f3l kr\u0119gos\u0142upa<\/a>\u00a0<\/span><\/li><li><span style=\"color: #000000;\"><a style=\"color: #000000;\" href=\"https:\/\/www.rehasport.pl\/kregoslup\/rwa-kulszowa,5207,n,4326\" target=\"_blank\" rel=\"noopener\">rwa kulszowa<\/a><\/span><\/li><li><span style=\"color: #000000;\">wady postawy<\/span><\/li><li><span style=\"color: #000000;\">zaburzenia uk\u0142adu pokarmowego<\/span><\/li><li><span style=\"color: #000000;\">nieradzenie sobie ze stresem<\/span><\/li><li><span style=\"color: #000000;\">migrena, b\u00f3le g\u0142owy<\/span><\/li><li><span style=\"color: #000000;\">zaburzenia funkcjonowania stawu skroniowo-\u017cuchwowego<\/span><\/li><li><span style=\"color: #000000;\">przewlek\u0142e choroby autoimmunologiczne<\/span><\/li><li><span style=\"color: #000000;\">cukrzyca<\/span><\/li><li><span style=\"color: #000000;\">choroby reumatoidalne<\/span><\/li><\/ul><\/div>\n\t\t\t\t<\/div>\n\t\t\t\t\t\t\t<div class=\"elementor-accordion-item\">\n\t\t\t\t\t<div id=\"elementor-tab-title-1803\" class=\"elementor-tab-title\" data-tab=\"3\" role=\"button\" aria-controls=\"elementor-tab-content-1803\" aria-expanded=\"false\">\n\t\t\t\t\t\t\t\t\t\t\t\t\t<span class=\"elementor-accordion-icon elementor-accordion-icon-left\" aria-hidden=\"true\">\n\t\t\t\t\t\t\t\t\t\t\t\t\t\t\t<span class=\"elementor-accordion-icon-closed\"><i class=\"fas fa-plus\"><\/i><\/span>\n\t\t\t\t\t\t\t\t<span class=\"elementor-accordion-icon-opened\"><i class=\"fas fa-minus\"><\/i><\/span>\n\t\t\t\t\t\t\t\t\t\t\t\t\t\t<\/span>\n\t\t\t\t\t\t\t\t\t\t\t\t<a class=\"elementor-accordion-title\" tabindex=\"0\">Fizjoterapia<\/a>\n\t\t\t\t\t<\/div>\n\t\t\t\t\t<div id=\"elementor-tab-content-1803\" class=\"elementor-tab-content elementor-clearfix\" data-tab=\"3\" role=\"region\" aria-labelledby=\"elementor-tab-title-1803\"><ul><li><span style=\"color: #000000;\"><a style=\"color: #000000;\" href=\"https:\/\/www.medonet.pl\/choroby-od-a-do-z\/choroby-ukladu-ruchu,bol-plecow---przyczyny--leczenie--domowe-sposoby-na-bol-plecow,artykul,1654406.html\" data-allow-layer=\"\">b\u00f3le plec\u00f3w<\/a>,\u00a0zesp\u00f3\u0142 cie\u015bni nadgarstka, zapalenie staw\u00f3w, b\u00f3le krzy\u017ca, choroby st\u00f3p,\u00a0rwa kulszowa, choroby kolan, problemy ze stawami<\/span><\/li><li><span style=\"color: #000000;\">choroba Alzheimera, stwardnienie rozsiane, neuropatia; (uszkodzenie nerw\u00f3w), zawroty g\u0142owy (zawroty g\u0142owy \/ zaburzenia r\u00f3wnowagi), pora\u017cenie m\u00f3zgowe, udar, wstrz\u0105s m\u00f3zgu itp.;<\/span><\/li><li><span style=\"color: #000000;\">fibromialgia, zesp\u00f3\u0142 Raynauda, reumatoidalne zapalenie staw\u00f3w;<\/span><\/li><li><span style=\"color: #000000;\">Zesp\u00f3\u0142 Guillain-Barre;<\/span><\/li><li><span style=\"color: #000000;\">choroby przewlek\u0142e:\u00a0astma,\u00a0cukrzyca,\u00a0oty\u0142o\u015b\u0107, wysokie\u00a0ci\u015bnienie krwi itp.<\/span><\/li><li><span style=\"color: #000000;\">og\u00f3lne samopoczucie.<\/span><\/li><\/ul><\/div>\n\t\t\t\t<\/div>\n\t\t\t\t\t\t\t\t<\/div>\n\t\t\t\t\t\t<\/div>\n\t\t\t\t<\/div>\n\t\t\t\t<div class=\"elementor-element elementor-element-0f92725 elementor-widget elementor-widget-rttalkingminds-custombutton\" data-id=\"0f92725\" data-element_type=\"widget\" data-e-type=\"widget\" data-widget_type=\"rttalkingminds-custombutton.default\">\n\t\t\t\t<div class=\"elementor-widget-container\">\n\t\t\t\t\t \n\t\n  <a class=\"custom-button1\" href=\"https:\/\/somacare.pl\/index.php\/umow-wizyte\/\">\n\tUm\u00f3w wizyt\u0119 u Marcina\t<\/a> \n\t\n  \t\t\t\t<\/div>\n\t\t\t\t<\/div>\n\t\t\t\t\t<\/div>\n\t\t<\/div>\n\t\t\t\t\t<\/div>\n\t\t<\/section>\n\t\t\t\t<section class=\"elementor-section elementor-top-section elementor-element elementor-element-8b2e053 elementor-section-content-middle elementor-section-boxed elementor-section-height-default elementor-section-height-default\" data-id=\"8b2e053\" data-element_type=\"section\" data-e-type=\"section\">\n\t\t\t\t\t\t<div class=\"elementor-container elementor-column-gap-default\">\n\t\t\t\t\t<div class=\"elementor-column elementor-col-100 elementor-top-column elementor-element elementor-element-b177455\" data-id=\"b177455\" data-element_type=\"column\" data-e-type=\"column\">\n\t\t\t<div class=\"elementor-widget-wrap\">\n\t\t\t\t\t\t\t<\/div>\n\t\t<\/div>\n\t\t\t\t\t<\/div>\n\t\t<\/section>\n\t\t\t\t<\/div>\n\t\t","protected":false},"excerpt":{"rendered":"<p>Marcin Brzozowski Osteopata, osteopata dzieci\u0119cy, fizjoterapeuta Pracuj\u0119 z pacjentami od 2004 roku. Zgodnie z mottem Osteopatii szukam w pacjencie zdrowia, a ka\u017cdego traktuj\u0119 indywidualnie i kompleksowo. W terapii d\u0105\u017c\u0119 do stworzenia najlepszych warunk\u00f3w, kt\u00f3re umo\u017cliwi\u0105 Twojemu organizmowi pe\u0142ne wykorzystanie si\u0142 autoleczniczych. W swojej pracy wykorzystuj\u0119 techniki osteopatyczne, techniki mi\u0119\u015bniowo-powi\u0119ziowe, terapi\u0119 manualn\u0105, kinesiology taping czy wybrane [&hellip;]<\/p>\n","protected":false},"author":2,"featured_media":0,"parent":0,"menu_order":0,"comment_status":"closed","ping_status":"closed","template":"templates\/page-box-title.php","meta":{"_acf_changed":false,"inline_featured_image":false,"footnotes":""},"class_list":["post-1658","page","type-page","status-publish","hentry"],"acf":[],"_links":{"self":[{"href":"https:\/\/somacare.pl\/index.php\/wp-json\/wp\/v2\/pages\/1658","targetHints":{"allow":["GET"]}}],"collection":[{"href":"https:\/\/somacare.pl\/index.php\/wp-json\/wp\/v2\/pages"}],"about":[{"href":"https:\/\/somacare.pl\/index.php\/wp-json\/wp\/v2\/types\/page"}],"author":[{"embeddable":true,"href":"https:\/\/somacare.pl\/index.php\/wp-json\/wp\/v2\/users\/2"}],"replies":[{"embeddable":true,"href":"https:\/\/somacare.pl\/index.php\/wp-json\/wp\/v2\/comments?post=1658"}],"version-history":[{"count":63,"href":"https:\/\/somacare.pl\/index.php\/wp-json\/wp\/v2\/pages\/1658\/revisions"}],"predecessor-version":[{"id":5066,"href":"https:\/\/somacare.pl\/index.php\/wp-json\/wp\/v2\/pages\/1658\/revisions\/5066"}],"wp:attachment":[{"href":"https:\/\/somacare.pl\/index.php\/wp-json\/wp\/v2\/media?parent=1658"}],"curies":[{"name":"wp","href":"https:\/\/api.w.org\/{rel}","templated":true}]}}