{"id":4604,"date":"2023-02-19T12:14:21","date_gmt":"2023-02-19T11:14:21","guid":{"rendered":"https:\/\/somacare.pl\/?page_id=4604"},"modified":"2026-04-14T14:46:15","modified_gmt":"2026-04-14T12:46:15","slug":"umow-wizyte","status":"publish","type":"page","link":"https:\/\/somacare.pl\/index.php\/umow-wizyte\/","title":{"rendered":"Um\u00f3w wizyt\u0119"},"content":{"rendered":"\t\t<div data-elementor-type=\"wp-page\" data-elementor-id=\"4604\" class=\"elementor elementor-4604\">\n\t\t\t\t\t\t<section class=\"elementor-section elementor-top-section elementor-element elementor-element-8e10ffa elementor-section-boxed elementor-section-height-default elementor-section-height-default\" data-id=\"8e10ffa\" data-element_type=\"section\" data-e-type=\"section\">\n\t\t\t\t\t\t<div class=\"elementor-container elementor-column-gap-default\">\n\t\t\t\t\t<div class=\"elementor-column elementor-col-100 elementor-top-column elementor-element elementor-element-f0c5630\" data-id=\"f0c5630\" data-element_type=\"column\" data-e-type=\"column\">\n\t\t\t<div class=\"elementor-widget-wrap elementor-element-populated\">\n\t\t\t\t\t\t<div class=\"elementor-element elementor-element-a7c768a elementor-widget elementor-widget-spacer\" data-id=\"a7c768a\" data-element_type=\"widget\" data-e-type=\"widget\" data-widget_type=\"spacer.default\">\n\t\t\t\t<div class=\"elementor-widget-container\">\n\t\t\t\t\t\t\t<div class=\"elementor-spacer\">\n\t\t\t<div class=\"elementor-spacer-inner\"><\/div>\n\t\t<\/div>\n\t\t\t\t\t\t<\/div>\n\t\t\t\t<\/div>\n\t\t\t\t\t<\/div>\n\t\t<\/div>\n\t\t\t\t\t<\/div>\n\t\t<\/section>\n\t\t\t\t<section class=\"elementor-section elementor-top-section elementor-element elementor-element-bc85ec3 elementor-section-boxed elementor-section-height-default elementor-section-height-default\" data-id=\"bc85ec3\" data-element_type=\"section\" data-e-type=\"section\">\n\t\t\t\t\t\t<div class=\"elementor-container elementor-column-gap-default\">\n\t\t\t\t\t<div class=\"elementor-column elementor-col-100 elementor-top-column elementor-element elementor-element-eae9cb9\" data-id=\"eae9cb9\" data-element_type=\"column\" data-e-type=\"column\">\n\t\t\t<div class=\"elementor-widget-wrap elementor-element-populated\">\n\t\t\t\t\t\t<div class=\"elementor-element elementor-element-81037ab elementor-widget elementor-widget-heading\" data-id=\"81037ab\" data-element_type=\"widget\" data-e-type=\"widget\" data-widget_type=\"heading.default\">\n\t\t\t\t<div class=\"elementor-widget-container\">\n\t\t\t\t\t<h3 class=\"elementor-heading-title elementor-size-default\"><a href=\"https:\/\/rejestracja.medfile.pl\/register\/catalog\/?uuid=f0f550a9-ac21-432d-a6c6-20cbcc886f52\">Um\u00f3w si\u0119 przez Medfile.pl<\/a><\/h3>\t\t\t\t<\/div>\n\t\t\t\t<\/div>\n\t\t\t\t<div class=\"elementor-element elementor-element-7b9407a elementor-widget elementor-widget-html\" data-id=\"7b9407a\" data-element_type=\"widget\" data-e-type=\"widget\" data-widget_type=\"html.default\">\n\t\t\t\t<div class=\"elementor-widget-container\">\n\t\t\t\t\t<div id=\"medfile-register-widget\" data-src=\"https:\/\/rejestracja.medfile.pl\/register\/catalog\/?uuid=f0f550a9-ac21-432d-a6c6-20cbcc886f52\"><\/div>\r\n            <script src=\"https:\/\/rejestracja.medfile.pl\/js\/register.widget.js\"><\/script>\t\t\t\t<\/div>\n\t\t\t\t<\/div>\n\t\t\t\t<div class=\"elementor-element elementor-element-babc578 elementor-widget elementor-widget-heading\" data-id=\"babc578\" data-element_type=\"widget\" data-e-type=\"widget\" data-widget_type=\"heading.default\">\n\t\t\t\t<div class=\"elementor-widget-container\">\n\t\t\t\t\t<h3 class=\"elementor-heading-title elementor-size-default\"><a href=\"https:\/\/www.znanylekarz.pl\/placowki\/somacare-centrum-zdrowia\">Um\u00f3w si\u0119 przez ZnanyLekarz.pl<\/a><\/h3>\t\t\t\t<\/div>\n\t\t\t\t<\/div>\n\t\t\t\t<section class=\"elementor-section elementor-inner-section elementor-element elementor-element-9dabb02 elementor-section-boxed elementor-section-height-default elementor-section-height-default\" data-id=\"9dabb02\" data-element_type=\"section\" data-e-type=\"section\">\n\t\t\t\t\t\t<div class=\"elementor-container elementor-column-gap-default\">\n\t\t\t\t\t<div class=\"elementor-column elementor-col-33 elementor-inner-column elementor-element elementor-element-1f558a4\" data-id=\"1f558a4\" data-element_type=\"column\" data-e-type=\"column\">\n\t\t\t<div class=\"elementor-widget-wrap elementor-element-populated\">\n\t\t\t\t\t\t<div class=\"elementor-element elementor-element-544f56e elementor-widget elementor-widget-html\" data-id=\"544f56e\" data-element_type=\"widget\" data-e-type=\"widget\" data-widget_type=\"html.default\">\n\t\t\t\t<div class=\"elementor-widget-container\">\n\t\t\t\t\t<a id=\"zl-url\" class=\"zl-url\" href=\"https:\/\/www.znanylekarz.pl\/kamil-sniecinski\/osteopata-fizjoterapeuta\/wroclaw\" rel=\"nofollow\" data-zlw-doctor=\"kamil-sniecinski\" data-zlw-type=\"big_with_calendar\" data-zlw-opinion=\"false\" data-zlw-hide-branding=\"true\">Kamil \u015anieci\u0144ski - ZnanyLekarz.pl<\/a><script>!function($_x,_s,id){var js,fjs=$_x.getElementsByTagName(_s)[0];if(!$_x.getElementById(id)){js = $_x.createElement(_s);js.id = id;js.src = \"\/\/platform.docplanner.com\/js\/widget.js\";fjs.parentNode.insertBefore(js,fjs);}}(document,\"script\",\"zl-widget-s\");<\/script>\t\t\t\t<\/div>\n\t\t\t\t<\/div>\n\t\t\t\t<div class=\"elementor-element elementor-element-1ed766d elementor-widget elementor-widget-html\" data-id=\"1ed766d\" data-element_type=\"widget\" data-e-type=\"widget\" data-widget_type=\"html.default\">\n\t\t\t\t<div class=\"elementor-widget-container\">\n\t\t\t\t\t<a id=\"zl-url\" class=\"zl-url\" href=\"https:\/\/www.znanylekarz.pl\/marta-wozniak\/dietetyk\/wroclaw\" rel=\"nofollow\" data-zlw-doctor=\"marta-wozniak\" data-zlw-type=\"big_with_calendar\" data-zlw-opinion=\"false\" data-zlw-hide-branding=\"true\">Marta Wo\u017aniak - ZnanyLekarz.pl<\/a><script>!function($_x,_s,id){var js,fjs=$_x.getElementsByTagName(_s)[0];if(!$_x.getElementById(id)){js = $_x.createElement(_s);js.id = id;js.src = \"\/\/platform.docplanner.com\/js\/widget.js\";fjs.parentNode.insertBefore(js,fjs);}}(document,\"script\",\"zl-widget-s\");<\/script>\t\t\t\t<\/div>\n\t\t\t\t<\/div>\n\t\t\t\t<div class=\"elementor-element elementor-element-a86a94b elementor-widget elementor-widget-html\" data-id=\"a86a94b\" data-element_type=\"widget\" data-e-type=\"widget\" data-widget_type=\"html.default\">\n\t\t\t\t<div class=\"elementor-widget-container\">\n\t\t\t\t\t<a id=\"zl-url\" class=\"zl-url\" href=\"https:\/\/www.znanylekarz.pl\/oliwia-sztuka\/fizjoterapeuta\/wroclaw\" rel=\"nofollow\" data-zlw-doctor=\"oliwia-sztuka\" data-zlw-type=\"big_with_calendar\" data-zlw-opinion=\"false\" data-zlw-hide-branding=\"true\">Oliwia Sztuka - ZnanyLekarz.pl<\/a><script>!function($_x,_s,id){var js,fjs=$_x.getElementsByTagName(_s)[0];if(!$_x.getElementById(id)){js = $_x.createElement(_s);js.id = id;js.src = \"\/\/platform.docplanner.com\/js\/widget.js\";fjs.parentNode.insertBefore(js,fjs);}}(document,\"script\",\"zl-widget-s\");<\/script>\t\t\t\t<\/div>\n\t\t\t\t<\/div>\n\t\t\t\t\t<\/div>\n\t\t<\/div>\n\t\t\t\t<div class=\"elementor-column elementor-col-33 elementor-inner-column elementor-element elementor-element-83654f8\" data-id=\"83654f8\" data-element_type=\"column\" data-e-type=\"column\">\n\t\t\t<div class=\"elementor-widget-wrap elementor-element-populated\">\n\t\t\t\t\t\t<div class=\"elementor-element elementor-element-a3a7d4f elementor-widget elementor-widget-html\" data-id=\"a3a7d4f\" data-element_type=\"widget\" data-e-type=\"widget\" data-widget_type=\"html.default\">\n\t\t\t\t<div class=\"elementor-widget-container\">\n\t\t\t\t\t<a id=\"zl-url\" class=\"zl-url\" href=\"https:\/\/www.znanylekarz.pl\/marco-di-dio\/osteopata-fizjoterapeuta-fizjoterapeuta-dzieciecy\/wroclaw\" rel=\"nofollow\" data-zlw-doctor=\"marco-di-dio\" data-zlw-type=\"big_with_calendar\" data-zlw-opinion=\"false\" data-zlw-hide-branding=\"true\">Marco Di Dio - ZnanyLekarz.pl<\/a><script>!function($_x,_s,id){var js,fjs=$_x.getElementsByTagName(_s)[0];if(!$_x.getElementById(id)){js = $_x.createElement(_s);js.id = id;js.src = \"\/\/platform.docplanner.com\/js\/widget.js\";fjs.parentNode.insertBefore(js,fjs);}}(document,\"script\",\"zl-widget-s\");<\/script>\t\t\t\t<\/div>\n\t\t\t\t<\/div>\n\t\t\t\t<div class=\"elementor-element elementor-element-20adf55 elementor-widget elementor-widget-html\" data-id=\"20adf55\" data-element_type=\"widget\" data-e-type=\"widget\" data-widget_type=\"html.default\">\n\t\t\t\t<div class=\"elementor-widget-container\">\n\t\t\t\t\t<a id=\"zl-url\" class=\"zl-url\" href=\"https:\/\/www.znanylekarz.pl\/maja-rydzynska\/dietetyk\/wroclaw\" rel=\"nofollow\" data-zlw-doctor=\"maja-rydzynska\" data-zlw-type=\"big_with_calendar\" data-zlw-opinion=\"false\" data-zlw-hide-branding=\"true\">Maja Rydzy\u0144ska - ZnanyLekarz.pl<\/a><script>!function($_x,_s,id){var js,fjs=$_x.getElementsByTagName(_s)[0];if(!$_x.getElementById(id)){js = $_x.createElement(_s);js.id = id;js.src = \"\/\/platform.docplanner.com\/js\/widget.js\";fjs.parentNode.insertBefore(js,fjs);}}(document,\"script\",\"zl-widget-s\");<\/script>\t\t\t\t<\/div>\n\t\t\t\t<\/div>\n\t\t\t\t<div class=\"elementor-element elementor-element-8fbbb78 elementor-widget elementor-widget-html\" data-id=\"8fbbb78\" data-element_type=\"widget\" data-e-type=\"widget\" data-widget_type=\"html.default\">\n\t\t\t\t<div class=\"elementor-widget-container\">\n\t\t\t\t\t<a id=\"zl-url\" class=\"zl-url\" href=\"https:\/\/www.znanylekarz.pl\/malgorzata-andrusiow\/fizjoterapeuta\/wroclaw\" rel=\"nofollow\" data-zlw-doctor=\"malgorzata-andrusiow\" data-zlw-type=\"big_with_calendar\" data-zlw-opinion=\"false\" data-zlw-hide-branding=\"true\" data-zlw-saas-only=\"true\">Ma\u0142gorzata Andrusi\u00f3w - ZnanyLekarz.pl<\/a><script>!function($_x,_s,id){var js,fjs=$_x.getElementsByTagName(_s)[0];if(!$_x.getElementById(id)){js = $_x.createElement(_s);js.id = id;js.src = \"\/\/platform.docplanner.com\/js\/widget.js\";fjs.parentNode.insertBefore(js,fjs);}}(document,\"script\",\"zl-widget-s\");<\/script>\t\t\t\t<\/div>\n\t\t\t\t<\/div>\n\t\t\t\t<div class=\"elementor-element elementor-element-4e8bb8d elementor-widget elementor-widget-html\" data-id=\"4e8bb8d\" data-element_type=\"widget\" data-e-type=\"widget\" data-widget_type=\"html.default\">\n\t\t\t\t<div class=\"elementor-widget-container\">\n\t\t\t\t\t<a id=\"zl-url\" class=\"zl-url\" href=\"https:\/\/www.znanylekarz.pl\/agnieszka-chomiak\/logopeda\/wroclaw\" rel=\"nofollow\" data-zlw-doctor=\"agnieszka-chomiak\" data-zlw-type=\"big_with_calendar\" data-zlw-opinion=\"false\" data-zlw-hide-branding=\"true\">Agnieszka Chomiak - ZnanyLekarz.pl<\/a><script>!function($_x,_s,id){var js,fjs=$_x.getElementsByTagName(_s)[0];if(!$_x.getElementById(id)){js = $_x.createElement(_s);js.id = id;js.src = \"\/\/platform.docplanner.com\/js\/widget.js\";fjs.parentNode.insertBefore(js,fjs);}}(document,\"script\",\"zl-widget-s\");<\/script>\t\t\t\t<\/div>\n\t\t\t\t<\/div>\n\t\t\t\t\t<\/div>\n\t\t<\/div>\n\t\t\t\t<div class=\"elementor-column elementor-col-33 elementor-inner-column elementor-element elementor-element-5ed2ff9\" data-id=\"5ed2ff9\" data-element_type=\"column\" data-e-type=\"column\">\n\t\t\t<div class=\"elementor-widget-wrap elementor-element-populated\">\n\t\t\t\t\t\t<div class=\"elementor-element elementor-element-e6ba3f2 elementor-widget elementor-widget-html\" data-id=\"e6ba3f2\" data-element_type=\"widget\" data-e-type=\"widget\" data-widget_type=\"html.default\">\n\t\t\t\t<div class=\"elementor-widget-container\">\n\t\t\t\t\t<a id=\"zl-url\" class=\"zl-url\" href=\"https:\/\/www.znanylekarz.pl\/marcin-brzozowski\/osteopata-fizjoterapeuta-fizjoterapeuta-dzieciecy\/wroclaw\" rel=\"nofollow\" data-zlw-doctor=\"marcin-brzozowski\" data-zlw-type=\"big_with_calendar\" data-zlw-opinion=\"false\" data-zlw-hide-branding=\"true\">Marcin Brzozowski - ZnanyLekarz.pl<\/a><script>!function($_x,_s,id){var js,fjs=$_x.getElementsByTagName(_s)[0];if(!$_x.getElementById(id)){js = $_x.createElement(_s);js.id = id;js.src = \"\/\/platform.docplanner.com\/js\/widget.js\";fjs.parentNode.insertBefore(js,fjs);}}(document,\"script\",\"zl-widget-s\");<\/script>\t\t\t\t<\/div>\n\t\t\t\t<\/div>\n\t\t\t\t\t<\/div>\n\t\t<\/div>\n\t\t\t\t\t<\/div>\n\t\t<\/section>\n\t\t\t\t<div class=\"elementor-element elementor-element-992acc9 elementor-widget elementor-widget-spacer\" data-id=\"992acc9\" data-element_type=\"widget\" data-e-type=\"widget\" data-widget_type=\"spacer.default\">\n\t\t\t\t<div class=\"elementor-widget-container\">\n\t\t\t\t\t\t\t<div class=\"elementor-spacer\">\n\t\t\t<div class=\"elementor-spacer-inner\"><\/div>\n\t\t<\/div>\n\t\t\t\t\t\t<\/div>\n\t\t\t\t<\/div>\n\t\t\t\t<div class=\"elementor-section elementor-inner-section elementor-element elementor-element-4c16e5f elementor-section-boxed elementor-section-height-default elementor-section-height-default\" data-id=\"4c16e5f\" data-element_type=\"section\" data-e-type=\"section\" data-settings=\"{&quot;animation&quot;:&quot;none&quot;}\">\n\t\t\t\t\t\t<div class=\"elementor-container elementor-column-gap-extended\">\n\t\t\t\t\t<div class=\"elementor-column elementor-col-25 elementor-inner-column elementor-element elementor-element-3411e01 elementor-invisible\" data-id=\"3411e01\" data-element_type=\"column\" data-e-type=\"column\" data-settings=\"{&quot;animation&quot;:&quot;zoomIn&quot;,&quot;background_background&quot;:&quot;classic&quot;}\">\n\t\t\t<div class=\"elementor-widget-wrap elementor-element-populated\">\n\t\t\t\t\t\t<div class=\"elementor-element elementor-element-d4b97a5 elementor-widget elementor-widget-rttalkingminds-iconbox6\" data-id=\"d4b97a5\" data-element_type=\"widget\" data-e-type=\"widget\" data-widget_type=\"rttalkingminds-iconbox6.default\">\n\t\t\t\t<div class=\"elementor-widget-container\">\n\t\t\t\t\t\r\n  <div class=\"icon-box5 icon-box6\">\r\n    <div class=\"icon-box5-img\"><img decoding=\"async\" src=\"https:\/\/rayoflightthemes.com\/wordpress-themes\/talking-minds-wordpress-theme\/wp-content\/uploads\/2022\/01\/icon-call.svg\" alt=\"Telefon\"><\/div>\r\n\t\t<h3>Telefon<\/h3> \r\n  <\/div>   \r\n\t\t\t\t<\/div>\n\t\t\t\t<\/div>\n\t\t\t\t<div class=\"elementor-element elementor-element-b0a1123 elementor-widget elementor-widget-text-editor\" data-id=\"b0a1123\" data-element_type=\"widget\" data-e-type=\"widget\" data-widget_type=\"text-editor.default\">\n\t\t\t\t<div class=\"elementor-widget-container\">\n\t\t\t\t\t\t\t\t\t<p>+48 71 300 14 10<\/p>\t\t\t\t\t\t\t\t<\/div>\n\t\t\t\t<\/div>\n\t\t\t\t\t<\/div>\n\t\t<\/div>\n\t\t\t\t<div class=\"elementor-column elementor-col-25 elementor-inner-column elementor-element elementor-element-0fda512 elementor-invisible\" data-id=\"0fda512\" data-element_type=\"column\" data-e-type=\"column\" data-settings=\"{&quot;animation&quot;:&quot;zoomIn&quot;,&quot;background_background&quot;:&quot;classic&quot;}\">\n\t\t\t<div class=\"elementor-widget-wrap elementor-element-populated\">\n\t\t\t\t\t\t<div class=\"elementor-element elementor-element-65c1494 elementor-widget elementor-widget-rttalkingminds-iconbox6\" data-id=\"65c1494\" data-element_type=\"widget\" data-e-type=\"widget\" data-widget_type=\"rttalkingminds-iconbox6.default\">\n\t\t\t\t<div class=\"elementor-widget-container\">\n\t\t\t\t\t\r\n  <div class=\"icon-box5 icon-box6\">\r\n    <div class=\"icon-box5-img\"><img decoding=\"async\" src=\"https:\/\/rayoflightthemes.com\/wordpress-themes\/talking-minds-wordpress-theme\/wp-content\/uploads\/2022\/01\/icon-call1.svg\" alt=\"Email\"><\/div>\r\n\t\t<h3>Email<\/h3> \r\n  <\/div>   \r\n\t\t\t\t<\/div>\n\t\t\t\t<\/div>\n\t\t\t\t<div class=\"elementor-element elementor-element-e6929c5 elementor-widget elementor-widget-text-editor\" data-id=\"e6929c5\" data-element_type=\"widget\" data-e-type=\"widget\" data-widget_type=\"text-editor.default\">\n\t\t\t\t<div class=\"elementor-widget-container\">\n\t\t\t\t\t\t\t\t\t<p><a href=\"mailto:gabinety@somacare.pl\">gabinety@somacare.pl<\/a><\/p>\t\t\t\t\t\t\t\t<\/div>\n\t\t\t\t<\/div>\n\t\t\t\t\t<\/div>\n\t\t<\/div>\n\t\t\t\t<div class=\"elementor-column elementor-col-25 elementor-inner-column elementor-element elementor-element-1dd8cb5 elementor-invisible\" data-id=\"1dd8cb5\" data-element_type=\"column\" data-e-type=\"column\" data-settings=\"{&quot;animation&quot;:&quot;zoomIn&quot;,&quot;animation_delay&quot;:400,&quot;background_background&quot;:&quot;classic&quot;}\">\n\t\t\t<div class=\"elementor-widget-wrap elementor-element-populated\">\n\t\t\t\t\t\t<div class=\"elementor-element elementor-element-490d03a elementor-widget elementor-widget-rttalkingminds-iconbox5\" data-id=\"490d03a\" data-element_type=\"widget\" data-e-type=\"widget\" data-widget_type=\"rttalkingminds-iconbox5.default\">\n\t\t\t\t<div class=\"elementor-widget-container\">\n\t\t\t\t\t  <div class=\"icon-box5\">\n    <div class=\"icon-box5-img\"><img decoding=\"async\" src=\"https:\/\/rayoflightthemes.com\/wordpress-themes\/talking-minds-wordpress-theme\/wp-content\/uploads\/2022\/01\/icon-call2.svg\" alt=\"Adres\"><\/div>\n\t\t<h3>Adres<\/h3> \n    <p>ul.Braniborska 14<\/p>\n\t\t<p>53-680 Wroc\u0142aw<\/p>\n  <\/div>\n\t\t\t\t\t<\/div>\n\t\t\t\t<\/div>\n\t\t\t\t\t<\/div>\n\t\t<\/div>\n\t\t\t\t<div class=\"elementor-column elementor-col-25 elementor-inner-column elementor-element elementor-element-c53b59d elementor-invisible\" data-id=\"c53b59d\" data-element_type=\"column\" data-e-type=\"column\" data-settings=\"{&quot;animation&quot;:&quot;zoomIn&quot;,&quot;animation_delay&quot;:600,&quot;background_background&quot;:&quot;classic&quot;}\">\n\t\t\t<div class=\"elementor-widget-wrap elementor-element-populated\">\n\t\t\t\t\t\t<div class=\"elementor-element elementor-element-5245c1c elementor-widget elementor-widget-rttalkingminds-iconbox5\" data-id=\"5245c1c\" data-element_type=\"widget\" data-e-type=\"widget\" data-widget_type=\"rttalkingminds-iconbox5.default\">\n\t\t\t\t<div class=\"elementor-widget-container\">\n\t\t\t\t\t  <div class=\"icon-box5\">\n    <div class=\"icon-box5-img\"><img decoding=\"async\" src=\"https:\/\/rayoflightthemes.com\/wordpress-themes\/talking-minds-wordpress-theme\/wp-content\/uploads\/2022\/01\/icon-call3.svg\" alt=\"Godziny otwarcia\"><\/div>\n\t\t<h3>Godziny otwarcia<\/h3> \n    <p>Poniedzia\u0142ek - Pi\u0105tek<\/p>\n\t\t<p>7.00 - 20.00<\/p>\n  <\/div>\n\t\t\t\t\t<\/div>\n\t\t\t\t<\/div>\n\t\t\t\t\t<\/div>\n\t\t<\/div>\n\t\t\t\t\t<\/div>\n\t\t<\/div>\n\t\t\t\t\t<\/div>\n\t\t<\/div>\n\t\t\t\t\t<\/div>\n\t\t<\/section>\n\t\t\t\t<\/div>\n\t\t","protected":false},"excerpt":{"rendered":"<p>Um\u00f3w si\u0119 przez Medfile.pl Um\u00f3w si\u0119 przez ZnanyLekarz.pl Kamil \u015anieci\u0144ski &#8211; ZnanyLekarz.pl Marta Wo\u017aniak &#8211; ZnanyLekarz.pl Oliwia Sztuka &#8211; ZnanyLekarz.pl Marco Di Dio &#8211; ZnanyLekarz.pl Maja Rydzy\u0144ska &#8211; ZnanyLekarz.pl Ma\u0142gorzata Andrusi\u00f3w &#8211; ZnanyLekarz.pl Agnieszka Chomiak &#8211; ZnanyLekarz.pl Marcin Brzozowski &#8211; ZnanyLekarz.pl Telefon +48 71 300 14 10 Email gabinety@somacare.pl Adres ul.Braniborska 14 53-680 Wroc\u0142aw Godziny [&hellip;]<\/p>\n","protected":false},"author":1,"featured_media":0,"parent":0,"menu_order":0,"comment_status":"closed","ping_status":"closed","template":"templates\/page-full-title.php","meta":{"_acf_changed":false,"inline_featured_image":false,"footnotes":""},"class_list":["post-4604","page","type-page","status-publish","hentry"],"acf":[],"_links":{"self":[{"href":"https:\/\/somacare.pl\/index.php\/wp-json\/wp\/v2\/pages\/4604","targetHints":{"allow":["GET"]}}],"collection":[{"href":"https:\/\/somacare.pl\/index.php\/wp-json\/wp\/v2\/pages"}],"about":[{"href":"https:\/\/somacare.pl\/index.php\/wp-json\/wp\/v2\/types\/page"}],"author":[{"embeddable":true,"href":"https:\/\/somacare.pl\/index.php\/wp-json\/wp\/v2\/users\/1"}],"replies":[{"embeddable":true,"href":"https:\/\/somacare.pl\/index.php\/wp-json\/wp\/v2\/comments?post=4604"}],"version-history":[{"count":38,"href":"https:\/\/somacare.pl\/index.php\/wp-json\/wp\/v2\/pages\/4604\/revisions"}],"predecessor-version":[{"id":5110,"href":"https:\/\/somacare.pl\/index.php\/wp-json\/wp\/v2\/pages\/4604\/revisions\/5110"}],"wp:attachment":[{"href":"https:\/\/somacare.pl\/index.php\/wp-json\/wp\/v2\/media?parent=4604"}],"curies":[{"name":"wp","href":"https:\/\/api.w.org\/{rel}","templated":true}]}}