{"id":4692,"date":"2023-02-20T21:53:27","date_gmt":"2023-02-20T20:53:27","guid":{"rendered":"https:\/\/somacare.pl\/?page_id=4692"},"modified":"2025-02-10T08:49:16","modified_gmt":"2025-02-10T07:49:16","slug":"malgorzata-andrusiow","status":"publish","type":"page","link":"https:\/\/somacare.pl\/index.php\/malgorzata-andrusiow\/","title":{"rendered":"Ma\u0142gorzata Andrusi\u00f3w"},"content":{"rendered":"\t\t<div data-elementor-type=\"wp-page\" data-elementor-id=\"4692\" class=\"elementor elementor-4692\">\n\t\t\t\t\t\t<section class=\"elementor-section elementor-top-section elementor-element elementor-element-875857f elementor-section-content-middle elementor-section-boxed elementor-section-height-default elementor-section-height-default\" data-id=\"875857f\" data-element_type=\"section\" data-e-type=\"section\">\n\t\t\t\t\t\t<div class=\"elementor-container elementor-column-gap-extended\">\n\t\t\t\t\t<div class=\"elementor-column elementor-col-50 elementor-top-column elementor-element elementor-element-ca799f4\" data-id=\"ca799f4\" data-element_type=\"column\" data-e-type=\"column\">\n\t\t\t<div class=\"elementor-widget-wrap elementor-element-populated\">\n\t\t\t\t\t\t<div class=\"elementor-element elementor-element-6da9e89 elementor-widget elementor-widget-text-editor\" data-id=\"6da9e89\" data-element_type=\"widget\" data-e-type=\"widget\" data-widget_type=\"text-editor.default\">\n\t\t\t\t<div class=\"elementor-widget-container\">\n\t\t\t\t\t\t\t\t\t<h2>mgr Ma\u0142gorzata Andrusi\u00f3w<\/h2><h4 style=\"margin-bottom: 28px; color: #26aba3; font-weight: bold;\">Fizjoterapeuta<\/h4><p>Jestem absolwentk\u0105 Uniwersytetu Medycznego im. Piast\u00f3w \u015al\u0105skich we Wroc\u0142awiu. Pracuj\u0119 z pacjentami od 2016 roku.<\/p><p>W pracy gabinetowej zajmuj\u0119 si\u0119 szeroko poj\u0119tymi dolegliwo\u015bciami b\u00f3lowymi. G\u0142\u00f3wnym obszarem mojej pracy s\u0105 przewlek\u0142e dol. b\u00f3lowe, rehabilitacja po urazach ortopedycznych, wypadkach komunikacyjnych oraz kontuzjach sportowych.<br \/>W swojej pracy wykorzystuj\u0119 techniki terapii manualnej, mi\u0119\u015bniowo- powi\u0119ziowej, kinesiotaping oraz stymulacj\u0119 o\u015brodkowego uk\u0142adu nerwowego wybranymi \u0107wiczeniami.<\/p><p>W celu utrwalenia efekt\u00f3w uzyskanych w gabinecie zalecam r\u00f3wnie\u017c \u0107wiczenia lecznicze oraz prowadz\u0119 <span style=\"text-decoration: underline;\"><strong>trening medyczny.<\/strong><\/span> Na dolegliwo\u015bci moich pacjent\u00f3w staram si\u0119 patrze\u0107 z szerszej perspektywy, aby m\u00f3c znale\u017a\u0107 przyczyn\u0119 problemu.<\/p><p>W gabinecie podstaw\u0105 mojej pracy jest dok\u0142adny wywiad oraz \u0142\u0105czenie test\u00f3w ortopedycznych, funkcjonalnych oraz neurodiagnostyki. Pacjent trafiaj\u0105cy do mnie do gabinetu nie tylko odzyskuje pe\u0142n\u0105 sprawno\u015b\u0107, ale r\u00f3wnie\u017c uczy si\u0119 jak utrzyma\u0107 uzyskane w gabinecie efekty.<\/p><p><span style=\"text-decoration: underline;\"><strong>Przyjmuje pacjent\u00f3w od 6 r.\u017c. Nie pracuj\u0119 z kobietami w ci\u0105\u017cy<\/strong><\/span><\/p><p>Zainteresowania<\/p><p>Wolny czas sp\u0119dzam na pr\u00f3bowaniu r\u00f3\u017cnych aktywno\u015bci sportowych. Aktualnie ta\u0144cz\u0119 sals\u0119 kuba\u0144sk\u0105, morsuj\u0119, je\u017cd\u017c\u0119 na rowerze i chodz\u0119 po g\u00f3rach. Dla r\u00f3wnowagi cia\u0142a i ducha pr\u00f3buj\u0119 r\u00f3\u017cnych technik medytacyjnych i podr\u00f3\u017cuj\u0119.<\/p>\t\t\t\t\t\t\t\t<\/div>\n\t\t\t\t<\/div>\n\t\t\t\t<div class=\"elementor-element elementor-element-9f423e6 elementor-widget elementor-widget-html\" data-id=\"9f423e6\" data-element_type=\"widget\" data-e-type=\"widget\" data-widget_type=\"html.default\">\n\t\t\t\t<div class=\"elementor-widget-container\">\n\t\t\t\t\t<a id=\"zl-url\" class=\"zl-url\" href=\"https:\/\/www.znanylekarz.pl\/malgorzata-andrusiow\/fizjoterapeuta\/wroclaw\" rel=\"nofollow\" data-zlw-doctor=\"malgorzata-andrusiow\" data-zlw-type=\"big_with_calendar\" data-zlw-opinion=\"false\" data-zlw-hide-branding=\"true\" data-zlw-saas-only=\"true\">Ma\u0142gorzata Andrusi\u00f3w - ZnanyLekarz.pl<\/a><script>!function($_x,_s,id){var js,fjs=$_x.getElementsByTagName(_s)[0];if(!$_x.getElementById(id)){js = $_x.createElement(_s);js.id = id;js.src = \"\/\/platform.docplanner.com\/js\/widget.js\";fjs.parentNode.insertBefore(js,fjs);}}(document,\"script\",\"zl-widget-s\");<\/script>\t\t\t\t<\/div>\n\t\t\t\t<\/div>\n\t\t\t\t\t<\/div>\n\t\t<\/div>\n\t\t\t\t<div class=\"elementor-column elementor-col-50 elementor-top-column elementor-element elementor-element-3dac063\" data-id=\"3dac063\" data-element_type=\"column\" data-e-type=\"column\">\n\t\t\t<div class=\"elementor-widget-wrap elementor-element-populated\">\n\t\t\t\t\t\t<div class=\"elementor-element elementor-element-d2c2b0a elementor-widget elementor-widget-image\" data-id=\"d2c2b0a\" data-element_type=\"widget\" data-e-type=\"widget\" data-widget_type=\"image.default\">\n\t\t\t\t<div class=\"elementor-widget-container\">\n\t\t\t\t\t\t\t\t\t\t\t\t\t\t\t<img fetchpriority=\"high\" decoding=\"async\" width=\"580\" height=\"854\" src=\"https:\/\/somacare.pl\/wp-content\/uploads\/2025\/02\/MAndr.png\" class=\"attachment-large size-large wp-image-5012\" alt=\"\" srcset=\"https:\/\/somacare.pl\/wp-content\/uploads\/2025\/02\/MAndr.png 695w, https:\/\/somacare.pl\/wp-content\/uploads\/2025\/02\/MAndr-204x300.png 204w\" sizes=\"(max-width: 580px) 100vw, 580px\" \/>\t\t\t\t\t\t\t\t\t\t\t\t\t\t\t<\/div>\n\t\t\t\t<\/div>\n\t\t\t\t<div class=\"elementor-element elementor-element-e08c514 elementor-widget elementor-widget-heading\" data-id=\"e08c514\" data-element_type=\"widget\" data-e-type=\"widget\" data-widget_type=\"heading.default\">\n\t\t\t\t<div class=\"elementor-widget-container\">\n\t\t\t\t\t<h2 class=\"elementor-heading-title elementor-size-default\"><span style=\"font-family: var( --e-global-typography-primary-font-family ), Sans-serif;font-weight: var( --e-global-typography-primary-font-weight );white-space: normal\">W jakich przypadkach warto spotka\u0107 si\u0119 z Gosi\u0105?<\/span><\/h2>\t\t\t\t<\/div>\n\t\t\t\t<\/div>\n\t\t\t\t<div class=\"elementor-element elementor-element-ca3adce elementor-widget elementor-widget-accordion\" data-id=\"ca3adce\" data-element_type=\"widget\" data-e-type=\"widget\" data-widget_type=\"accordion.default\">\n\t\t\t\t<div class=\"elementor-widget-container\">\n\t\t\t\t\t\t\t<div class=\"elementor-accordion\">\n\t\t\t\t\t\t\t<div class=\"elementor-accordion-item\">\n\t\t\t\t\t<div id=\"elementor-tab-title-2121\" class=\"elementor-tab-title\" data-tab=\"1\" role=\"button\" aria-controls=\"elementor-tab-content-2121\" aria-expanded=\"false\">\n\t\t\t\t\t\t\t\t\t\t\t\t\t<span class=\"elementor-accordion-icon elementor-accordion-icon-left\" aria-hidden=\"true\">\n\t\t\t\t\t\t\t\t\t\t\t\t\t\t\t<span class=\"elementor-accordion-icon-closed\"><i class=\"fas fa-plus\"><\/i><\/span>\n\t\t\t\t\t\t\t\t<span class=\"elementor-accordion-icon-opened\"><i class=\"fas fa-minus\"><\/i><\/span>\n\t\t\t\t\t\t\t\t\t\t\t\t\t\t<\/span>\n\t\t\t\t\t\t\t\t\t\t\t\t<a class=\"elementor-accordion-title\" tabindex=\"0\">Problemy b\u00f3lowe w obr\u0119bie st\u00f3p<\/a>\n\t\t\t\t\t<\/div>\n\t\t\t\t\t<div id=\"elementor-tab-content-2121\" class=\"elementor-tab-content elementor-clearfix\" data-tab=\"1\" role=\"region\" aria-labelledby=\"elementor-tab-title-2121\"><ul><li>halluksy<\/li><li><span style=\"font-weight: 400;\">ostroga pi\u0119towa<\/span><\/li><li><span style=\"font-weight: 400;\">zapalenie rozci\u0119gna podeszwowego<\/span><\/li><li><span style=\"font-weight: 400;\">palce m\u0142otkowate<\/span><\/li><li><span style=\"font-weight: 400;\">p\u0142askostopie<\/span><\/li><\/ul><\/div>\n\t\t\t\t<\/div>\n\t\t\t\t\t\t\t<div class=\"elementor-accordion-item\">\n\t\t\t\t\t<div id=\"elementor-tab-title-2122\" class=\"elementor-tab-title\" data-tab=\"2\" role=\"button\" aria-controls=\"elementor-tab-content-2122\" aria-expanded=\"false\">\n\t\t\t\t\t\t\t\t\t\t\t\t\t<span class=\"elementor-accordion-icon elementor-accordion-icon-left\" aria-hidden=\"true\">\n\t\t\t\t\t\t\t\t\t\t\t\t\t\t\t<span class=\"elementor-accordion-icon-closed\"><i class=\"fas fa-plus\"><\/i><\/span>\n\t\t\t\t\t\t\t\t<span class=\"elementor-accordion-icon-opened\"><i class=\"fas fa-minus\"><\/i><\/span>\n\t\t\t\t\t\t\t\t\t\t\t\t\t\t<\/span>\n\t\t\t\t\t\t\t\t\t\t\t\t<a class=\"elementor-accordion-title\" tabindex=\"0\">Urazy ortopedyczne<\/a>\n\t\t\t\t\t<\/div>\n\t\t\t\t\t<div id=\"elementor-tab-content-2122\" class=\"elementor-tab-content elementor-clearfix\" data-tab=\"2\" role=\"region\" aria-labelledby=\"elementor-tab-title-2122\"><ul><li><span style=\"font-weight: 400;\">skr\u0119cenia<\/span><\/li><li><span style=\"font-weight: 400;\">zwichni\u0119cia<\/span><\/li><li><span style=\"font-weight: 400;\">zerwania wi\u0119zade\u0142<\/span><\/li><li><span style=\"font-weight: 400;\"> z\u0142amania<\/span><\/li><li><span style=\"font-weight: 400;\">urazy po wypadkach komunikacyjnych<\/span><\/li><\/ul><\/div>\n\t\t\t\t<\/div>\n\t\t\t\t\t\t\t<div class=\"elementor-accordion-item\">\n\t\t\t\t\t<div id=\"elementor-tab-title-2123\" class=\"elementor-tab-title\" data-tab=\"3\" role=\"button\" aria-controls=\"elementor-tab-content-2123\" aria-expanded=\"false\">\n\t\t\t\t\t\t\t\t\t\t\t\t\t<span class=\"elementor-accordion-icon elementor-accordion-icon-left\" aria-hidden=\"true\">\n\t\t\t\t\t\t\t\t\t\t\t\t\t\t\t<span class=\"elementor-accordion-icon-closed\"><i class=\"fas fa-plus\"><\/i><\/span>\n\t\t\t\t\t\t\t\t<span class=\"elementor-accordion-icon-opened\"><i class=\"fas fa-minus\"><\/i><\/span>\n\t\t\t\t\t\t\t\t\t\t\t\t\t\t<\/span>\n\t\t\t\t\t\t\t\t\t\t\t\t<a class=\"elementor-accordion-title\" tabindex=\"0\">Pozosta\u0142e<\/a>\n\t\t\t\t\t<\/div>\n\t\t\t\t\t<div id=\"elementor-tab-content-2123\" class=\"elementor-tab-content elementor-clearfix\" data-tab=\"3\" role=\"region\" aria-labelledby=\"elementor-tab-title-2123\"><ul><li style=\"font-weight: 400;\" aria-level=\"1\"><span style=\"font-weight: 400;\">rehabilitacja w chorobie zwyrodnieniowej staw\u00f3w<\/span><\/li><li style=\"font-weight: 400;\" aria-level=\"1\"><span style=\"font-weight: 400;\">rehabilitacja po wszczepieniu endoprotez<\/span><\/li><li style=\"font-weight: 400;\" aria-level=\"1\"><span style=\"font-weight: 400;\">bolesny bark<\/span><\/li><li style=\"font-weight: 400;\" aria-level=\"1\"><span style=\"font-weight: 400;\">neuromobilizacje w zespo\u0142ach b\u00f3lowych korzeni nerwowych<\/span><\/li><li style=\"font-weight: 400;\" aria-level=\"1\"><span style=\"font-weight: 400;\">fizjoterapia przed i pooperacyjna<\/span><\/li><li style=\"font-weight: 400;\" aria-level=\"1\"><span style=\"font-weight: 400;\">wady st\u00f3p i kr\u0119gos\u0142upa ocena diagnostyczna i planowanie procesu leczenia<\/span><\/li><li style=\"font-weight: 400;\" aria-level=\"1\"><span style=\"font-weight: 400;\">badanie biomechaniki chodu<\/span><\/li><li style=\"font-weight: 400;\" aria-level=\"1\"><span style=\"font-weight: 400;\">zaburzenia r\u00f3wnowagi<\/span><\/li><li style=\"font-weight: 400;\" aria-level=\"1\"><span style=\"font-weight: 400;\">zawroty g\u0142owy<\/span><\/li><li style=\"font-weight: 400;\" aria-level=\"1\"><span style=\"font-weight: 400;\">migreny, b\u00f3le g\u0142owy<\/span><\/li><li style=\"font-weight: 400;\" aria-level=\"1\"><span style=\"font-weight: 400;\">kontuzje sportowe<\/span><\/li><li style=\"font-weight: 400;\" aria-level=\"1\"><span style=\"font-weight: 400;\">pacjenci potrzebuj\u0105cy treningu medycznego i funkcjonalnego w powrocie do sprawno\u015bci<\/span><\/li><li style=\"font-weight: 400;\" aria-level=\"1\"><span style=\"font-weight: 400;\">terapia blizn<\/span><\/li><li style=\"font-weight: 400;\" aria-level=\"1\"><span style=\"font-weight: 400;\">profilaktyka uraz\u00f3w, poprawa ergonomii pracy<\/span><\/li><\/ul><\/div>\n\t\t\t\t<\/div>\n\t\t\t\t\t\t\t\t<\/div>\n\t\t\t\t\t\t<\/div>\n\t\t\t\t<\/div>\n\t\t\t\t<div class=\"elementor-element elementor-element-0f92725 elementor-widget elementor-widget-rttalkingminds-custombutton\" data-id=\"0f92725\" data-element_type=\"widget\" data-e-type=\"widget\" data-widget_type=\"rttalkingminds-custombutton.default\">\n\t\t\t\t<div class=\"elementor-widget-container\">\n\t\t\t\t\t \n\t\n  <a class=\"custom-button1\" href=\"https:\/\/somacare.pl\/index.php\/umow-wizyte\/\">\n\tUm\u00f3w wizyt\u0119 u Gosi\t<\/a> \n\t\n  \t\t\t\t<\/div>\n\t\t\t\t<\/div>\n\t\t\t\t\t<\/div>\n\t\t<\/div>\n\t\t\t\t\t<\/div>\n\t\t<\/section>\n\t\t\t\t<\/div>\n\t\t","protected":false},"excerpt":{"rendered":"<p>mgr Ma\u0142gorzata Andrusi\u00f3w Fizjoterapeuta Jestem absolwentk\u0105 Uniwersytetu Medycznego im. Piast\u00f3w \u015al\u0105skich we Wroc\u0142awiu. Pracuj\u0119 z pacjentami od 2016 roku. W pracy gabinetowej zajmuj\u0119 si\u0119 szeroko poj\u0119tymi dolegliwo\u015bciami b\u00f3lowymi. G\u0142\u00f3wnym obszarem mojej pracy s\u0105 przewlek\u0142e dol. b\u00f3lowe, rehabilitacja po urazach ortopedycznych, wypadkach komunikacyjnych oraz kontuzjach sportowych.W swojej pracy wykorzystuj\u0119 techniki terapii manualnej, mi\u0119\u015bniowo- powi\u0119ziowej, kinesiotaping oraz [&hellip;]<\/p>\n","protected":false},"author":1,"featured_media":0,"parent":0,"menu_order":0,"comment_status":"closed","ping_status":"closed","template":"templates\/page-box-title.php","meta":{"_acf_changed":false,"inline_featured_image":false,"footnotes":""},"class_list":["post-4692","page","type-page","status-publish","hentry"],"acf":[],"_links":{"self":[{"href":"https:\/\/somacare.pl\/index.php\/wp-json\/wp\/v2\/pages\/4692","targetHints":{"allow":["GET"]}}],"collection":[{"href":"https:\/\/somacare.pl\/index.php\/wp-json\/wp\/v2\/pages"}],"about":[{"href":"https:\/\/somacare.pl\/index.php\/wp-json\/wp\/v2\/types\/page"}],"author":[{"embeddable":true,"href":"https:\/\/somacare.pl\/index.php\/wp-json\/wp\/v2\/users\/1"}],"replies":[{"embeddable":true,"href":"https:\/\/somacare.pl\/index.php\/wp-json\/wp\/v2\/comments?post=4692"}],"version-history":[{"count":11,"href":"https:\/\/somacare.pl\/index.php\/wp-json\/wp\/v2\/pages\/4692\/revisions"}],"predecessor-version":[{"id":5015,"href":"https:\/\/somacare.pl\/index.php\/wp-json\/wp\/v2\/pages\/4692\/revisions\/5015"}],"wp:attachment":[{"href":"https:\/\/somacare.pl\/index.php\/wp-json\/wp\/v2\/media?parent=4692"}],"curies":[{"name":"wp","href":"https:\/\/api.w.org\/{rel}","templated":true}]}}