{"id":4719,"date":"2023-02-20T23:40:56","date_gmt":"2023-02-20T22:40:56","guid":{"rendered":"https:\/\/somacare.pl\/?page_id=4719"},"modified":"2025-01-19T23:31:25","modified_gmt":"2025-01-19T22:31:25","slug":"marta-wozniak","status":"publish","type":"page","link":"https:\/\/somacare.pl\/index.php\/marta-wozniak\/","title":{"rendered":"Marta Wo\u017aniak"},"content":{"rendered":"\t\t<div data-elementor-type=\"wp-page\" data-elementor-id=\"4719\" class=\"elementor elementor-4719\">\n\t\t\t\t\t\t<section class=\"elementor-section elementor-top-section elementor-element elementor-element-875857f elementor-section-content-middle elementor-section-boxed elementor-section-height-default elementor-section-height-default\" data-id=\"875857f\" data-element_type=\"section\" data-e-type=\"section\">\n\t\t\t\t\t\t<div class=\"elementor-container elementor-column-gap-extended\">\n\t\t\t\t\t<div class=\"elementor-column elementor-col-50 elementor-top-column elementor-element elementor-element-ca799f4\" data-id=\"ca799f4\" data-element_type=\"column\" data-e-type=\"column\">\n\t\t\t<div class=\"elementor-widget-wrap elementor-element-populated\">\n\t\t\t\t\t\t<div class=\"elementor-element elementor-element-6da9e89 elementor-widget elementor-widget-text-editor\" data-id=\"6da9e89\" data-element_type=\"widget\" data-e-type=\"widget\" data-widget_type=\"text-editor.default\">\n\t\t\t\t<div class=\"elementor-widget-container\">\n\t\t\t\t\t\t\t\t\t<h2>Marta Wo\u017aniak<\/h2>\n<h4 style=\"margin-bottom: 28px; color: #26aba3; font-weight: bold;\">Dietetyk<\/h4>\n<p>Dietetyk kliniczny, absolwentka Uniwersytetu Medycznego w \u0141odzi. Absolwentka Uniwersytetu Medycznego we Wroc\u0142awiu.&nbsp;<\/p>\n<p>Autorka artyku\u0142\u00f3w do specjalistycznego czasopisma dla dietetyk\u00f3w ,,Wsp\u00f3\u0142czesna Dietetyka\u201d oraz webinar\u00f3w z zakresu \u017cywienia kobiet w okresie oko\u0142omenopauzalnym.<span style=\"color: var( --e-global-color-text ); font-family: var( --e-global-typography-text-font-family ), Sans-serif; font-weight: var( --e-global-typography-text-font-weight );\">&nbsp;<\/span><\/p>\n<p>Organizatorka szkole\u0144 dla dietetyk\u00f3w, trener\u00f3w personalnych, trener\u00f3w przygotowania motorycznego oraz fizjoterapeut\u00f3w.&nbsp;<\/p>\n<p>Do\u015bwiadczenie praktyczne zdobywa\u0142a pod okiem wielu specjalist\u00f3w z zakresu dietetyki klinicznej oraz sportowej zar\u00f3wno w szpitalach, jak i gabinetach dietetycznych.&nbsp;<\/p>\n<p>Amatorka wszelkiej aktywno\u015bci fizycznej, rozpoczynaj\u0105c od ta\u0144ca towarzyskiego, a ko\u0144cz\u0105c na olimpijskim<br>podnoszeniu ci\u0119\u017car\u00f3w.<\/p>\t\t\t\t\t\t\t\t<\/div>\n\t\t\t\t<\/div>\n\t\t\t\t<div class=\"elementor-element elementor-element-809f712 elementor-widget elementor-widget-html\" data-id=\"809f712\" data-element_type=\"widget\" data-e-type=\"widget\" data-widget_type=\"html.default\">\n\t\t\t\t<div class=\"elementor-widget-container\">\n\t\t\t\t\t<a id=\"zl-url\" class=\"zl-url\" href=\"https:\/\/www.znanylekarz.pl\/marta-wozniak\/dietetyk\/wroclaw\" rel=\"nofollow\" data-zlw-doctor=\"marta-wozniak\" data-zlw-type=\"big_with_calendar\" data-zlw-opinion=\"false\" data-zlw-hide-branding=\"true\">Marta Wo\u017aniak - ZnanyLekarz.pl<\/a><script>!function($_x,_s,id){var js,fjs=$_x.getElementsByTagName(_s)[0];if(!$_x.getElementById(id)){js = $_x.createElement(_s);js.id = id;js.src = \"\/\/platform.docplanner.com\/js\/widget.js\";fjs.parentNode.insertBefore(js,fjs);}}(document,\"script\",\"zl-widget-s\");<\/script>\t\t\t\t<\/div>\n\t\t\t\t<\/div>\n\t\t\t\t\t<\/div>\n\t\t<\/div>\n\t\t\t\t<div class=\"elementor-column elementor-col-50 elementor-top-column elementor-element elementor-element-3dac063\" data-id=\"3dac063\" data-element_type=\"column\" data-e-type=\"column\">\n\t\t\t<div class=\"elementor-widget-wrap elementor-element-populated\">\n\t\t\t\t\t\t<div class=\"elementor-element elementor-element-d2c2b0a elementor-widget elementor-widget-image\" data-id=\"d2c2b0a\" data-element_type=\"widget\" data-e-type=\"widget\" data-widget_type=\"image.default\">\n\t\t\t\t<div class=\"elementor-widget-container\">\n\t\t\t\t\t\t\t\t\t\t\t\t\t\t\t<img fetchpriority=\"high\" decoding=\"async\" width=\"580\" height=\"870\" src=\"https:\/\/somacare.pl\/wp-content\/uploads\/2023\/02\/Marta-Wozniak-683x1024.png\" class=\"attachment-large size-large wp-image-4596\" alt=\"\" srcset=\"https:\/\/somacare.pl\/wp-content\/uploads\/2023\/02\/Marta-Wozniak-683x1024.png 683w, https:\/\/somacare.pl\/wp-content\/uploads\/2023\/02\/Marta-Wozniak-200x300.png 200w, https:\/\/somacare.pl\/wp-content\/uploads\/2023\/02\/Marta-Wozniak-768x1152.png 768w, https:\/\/somacare.pl\/wp-content\/uploads\/2023\/02\/Marta-Wozniak-1024x1536.png 1024w, https:\/\/somacare.pl\/wp-content\/uploads\/2023\/02\/Marta-Wozniak-1200x1800.png 1200w, https:\/\/somacare.pl\/wp-content\/uploads\/2023\/02\/Marta-Wozniak.png 1365w\" sizes=\"(max-width: 580px) 100vw, 580px\" \/>\t\t\t\t\t\t\t\t\t\t\t\t\t\t\t<\/div>\n\t\t\t\t<\/div>\n\t\t\t\t<div class=\"elementor-element elementor-element-e08c514 elementor-widget elementor-widget-heading\" data-id=\"e08c514\" data-element_type=\"widget\" data-e-type=\"widget\" data-widget_type=\"heading.default\">\n\t\t\t\t<div class=\"elementor-widget-container\">\n\t\t\t\t\t<h2 class=\"elementor-heading-title elementor-size-default\">Marta specjalizuje si\u0119 g\u0142\u00f3wnie z pracy z:<\/h2>\t\t\t\t<\/div>\n\t\t\t\t<\/div>\n\t\t\t\t<div class=\"elementor-element elementor-element-0a93fac elementor-widget elementor-widget-text-editor\" data-id=\"0a93fac\" data-element_type=\"widget\" data-e-type=\"widget\" data-widget_type=\"text-editor.default\">\n\t\t\t\t<div class=\"elementor-widget-container\">\n\t\t\t\t\t\t\t\t\t<ul><li>zawodowymi sportowcami<\/li><li>osobami trenuj\u0105cymi rekreacyjnie<\/li><li>kobietami w okresie oko\u0142omenopauzalnym<\/li><li>osobami z oty\u0142o\u015bci\u0105 lub niedowag\u0105<\/li><li>pacjentami cierpi\u0105cymi na SIBO oraz IBS<\/li><li>pacjentami z osteoporoz\u0105<\/li><\/ul>\t\t\t\t\t\t\t\t<\/div>\n\t\t\t\t<\/div>\n\t\t\t\t<div class=\"elementor-element elementor-element-0f92725 elementor-widget elementor-widget-rttalkingminds-custombutton\" data-id=\"0f92725\" data-element_type=\"widget\" data-e-type=\"widget\" data-widget_type=\"rttalkingminds-custombutton.default\">\n\t\t\t\t<div class=\"elementor-widget-container\">\n\t\t\t\t\t \n\t\n  <a class=\"custom-button1\" href=\"https:\/\/somacare.pl\/index.php\/umow-wizyte\/\">\n\tUm\u00f3w wizyt\u0119 u Marty\t<\/a> \n\t\n  \t\t\t\t<\/div>\n\t\t\t\t<\/div>\n\t\t\t\t\t<\/div>\n\t\t<\/div>\n\t\t\t\t\t<\/div>\n\t\t<\/section>\n\t\t\t\t<section class=\"elementor-section elementor-top-section elementor-element elementor-element-8b2e053 elementor-section-content-middle elementor-section-boxed elementor-section-height-default elementor-section-height-default\" data-id=\"8b2e053\" data-element_type=\"section\" data-e-type=\"section\">\n\t\t\t\t\t\t<div class=\"elementor-container elementor-column-gap-default\">\n\t\t\t\t\t<div class=\"elementor-column elementor-col-100 elementor-top-column elementor-element elementor-element-b177455\" data-id=\"b177455\" data-element_type=\"column\" data-e-type=\"column\">\n\t\t\t<div class=\"elementor-widget-wrap\">\n\t\t\t\t\t\t\t<\/div>\n\t\t<\/div>\n\t\t\t\t\t<\/div>\n\t\t<\/section>\n\t\t\t\t<\/div>\n\t\t","protected":false},"excerpt":{"rendered":"<p>Marta Wo\u017aniak Dietetyk Dietetyk kliniczny, absolwentka Uniwersytetu Medycznego w \u0141odzi. Absolwentka Uniwersytetu Medycznego we Wroc\u0142awiu.&nbsp; Autorka artyku\u0142\u00f3w do specjalistycznego czasopisma dla dietetyk\u00f3w ,,Wsp\u00f3\u0142czesna Dietetyka\u201d oraz webinar\u00f3w z zakresu \u017cywienia kobiet w okresie oko\u0142omenopauzalnym.&nbsp; Organizatorka szkole\u0144 dla dietetyk\u00f3w, trener\u00f3w personalnych, trener\u00f3w przygotowania motorycznego oraz fizjoterapeut\u00f3w.&nbsp; Do\u015bwiadczenie praktyczne zdobywa\u0142a pod okiem wielu specjalist\u00f3w z zakresu dietetyki klinicznej [&hellip;]<\/p>\n","protected":false},"author":1,"featured_media":0,"parent":0,"menu_order":0,"comment_status":"closed","ping_status":"closed","template":"templates\/page-box-title.php","meta":{"_acf_changed":false,"inline_featured_image":false,"footnotes":""},"class_list":["post-4719","page","type-page","status-publish","hentry"],"acf":[],"_links":{"self":[{"href":"https:\/\/somacare.pl\/index.php\/wp-json\/wp\/v2\/pages\/4719","targetHints":{"allow":["GET"]}}],"collection":[{"href":"https:\/\/somacare.pl\/index.php\/wp-json\/wp\/v2\/pages"}],"about":[{"href":"https:\/\/somacare.pl\/index.php\/wp-json\/wp\/v2\/types\/page"}],"author":[{"embeddable":true,"href":"https:\/\/somacare.pl\/index.php\/wp-json\/wp\/v2\/users\/1"}],"replies":[{"embeddable":true,"href":"https:\/\/somacare.pl\/index.php\/wp-json\/wp\/v2\/comments?post=4719"}],"version-history":[{"count":10,"href":"https:\/\/somacare.pl\/index.php\/wp-json\/wp\/v2\/pages\/4719\/revisions"}],"predecessor-version":[{"id":5002,"href":"https:\/\/somacare.pl\/index.php\/wp-json\/wp\/v2\/pages\/4719\/revisions\/5002"}],"wp:attachment":[{"href":"https:\/\/somacare.pl\/index.php\/wp-json\/wp\/v2\/media?parent=4719"}],"curies":[{"name":"wp","href":"https:\/\/api.w.org\/{rel}","templated":true}]}}