{"id":4848,"date":"2023-07-17T22:45:06","date_gmt":"2023-07-17T20:45:06","guid":{"rendered":"https:\/\/somacare.pl\/?page_id=4848"},"modified":"2023-11-09T20:41:39","modified_gmt":"2023-11-09T19:41:39","slug":"edyta-sperling","status":"publish","type":"page","link":"https:\/\/somacare.pl\/index.php\/edyta-sperling\/","title":{"rendered":"Edyta Sperling"},"content":{"rendered":"\t\t<div data-elementor-type=\"wp-page\" data-elementor-id=\"4848\" class=\"elementor elementor-4848\">\n\t\t\t\t\t\t<section class=\"elementor-section elementor-top-section elementor-element elementor-element-875857f elementor-section-content-middle elementor-section-boxed elementor-section-height-default elementor-section-height-default\" data-id=\"875857f\" data-element_type=\"section\" data-e-type=\"section\">\n\t\t\t\t\t\t<div class=\"elementor-container elementor-column-gap-extended\">\n\t\t\t\t\t<div class=\"elementor-column elementor-col-50 elementor-top-column elementor-element elementor-element-ca799f4\" data-id=\"ca799f4\" data-element_type=\"column\" data-e-type=\"column\">\n\t\t\t<div class=\"elementor-widget-wrap elementor-element-populated\">\n\t\t\t\t\t\t<div class=\"elementor-element elementor-element-6da9e89 elementor-widget elementor-widget-text-editor\" data-id=\"6da9e89\" data-element_type=\"widget\" data-e-type=\"widget\" data-widget_type=\"text-editor.default\">\n\t\t\t\t<div class=\"elementor-widget-container\">\n\t\t\t\t\t\t\t\t\t<h2>Edyta Sperling<\/h2><h4 style=\"margin-bottom: 28px; color: #26aba3; font-weight: bold;\">Psycholog, terapeuta czaszkowo-krzy\u017cowy<\/h4><p align=\"JUSTIFY\">Jestem psychologiem oraz terapeut\u0105 czaszkowo-krzy\u017cowym w uj\u0119ciu biodynamicznym. Szkol\u0119 si\u0119 <br \/>z zakresu opieki i kryzys\u00f3w oko\u0142oporodowych oraz psychologii perinatalnej, co pozwala na zaopiekowanie si\u0119 tematami zwi\u0105zanymi z kryzysem niep\u0142odno\u015bci, \u017ca\u0142oby, depresji poporodowej <br \/>i innymi trudno\u015bciami odczuwanymi w tym szczeg\u00f3lnym okresie. Zawodowo jestem zwi\u0105zana <br \/>z Dolno\u015bl\u0105skim Centrum Onkologii, Pulmonologii i Hematologii pracuj\u0105c jako psycholog, zar\u00f3wno <br \/>z pacjentami jak i ich bliskimi w kryzysie utraty zdrowia.<\/p><p align=\"JUSTIFY\">Upatruj\u0119 du\u017ca warto\u015b\u0107 w relacji opartej na wzajemnym zaufaniu i poczuciu bezpiecze\u0144stwa. W swojej pracy patrz\u0119 na pacjenta w spos\u00f3b holistyczny, nawi\u0105zuj\u0105c do za\u0142o\u017ce\u0144 nurtu systemowego, jednocze\u015bnie korzystaj\u0105c z element\u00f3w terapii traumy, kt\u00f3re pozwalaj\u0105 na prac\u0119 w obliczu kryzysu, czy chronicznie odczuwanego stresu.<\/p><p style=\"margin-bottom: 0cm;\"><b>Z kim pracuj\u0119?<\/b><\/p><p style=\"margin-bottom: 0cm;\" align=\"JUSTIFY\">Jako psycholog pracuj\u0119 z osobami doros\u0142ymi, kt\u00f3re do\u015bwiadczaj\u0105 trudno\u015bci w codziennym \u017cyciu, kryzysu utraty zdrowia, \u017ca\u0142oby, zaburze\u0144 somatycznych. Wspieram r\u00f3wnie\u017c rodziny w okresie oko\u0142oporodowym, otulaj\u0105c tematy zwi\u0105zane z kryzysem niep\u0142odno\u015bci, depresji poporodowej oraz obserwowanych trudno\u015bci przed i po porodzie. Otaczam opiek\u0105 r\u00f3wnie\u017c pacjent\u00f3w w trakcie kryzysu utraty zdrowia, mierz\u0105cymi si\u0119 z chorob\u0105 onkologiczn\u0105.<\/p><p style=\"margin-bottom: 0cm;\" align=\"JUSTIFY\">Jako terapeuta czaszkowo-krzy\u017cowy pracuj\u0119 z osobami doros\u0142ymi, kobietami w ci\u0105\u017cy oraz nastolatkami. Zajmuje si\u0119 chorobami psychosomatycznymi, chronicznym zm\u0119czeniem, przewlek\u0142ym stresem, ale r\u00f3wnie\u017c schorzeniami natury psychologicznej, takimi jak: depresja, czy nerwica. Otulam temat wi\u0119zi, zw\u0142aszcza w\u015br\u00f3d przysz\u0142ych mam.\u00a0\u00a0<\/p><p align=\"JUSTIFY\">\u00a0<\/p>\t\t\t\t\t\t\t\t<\/div>\n\t\t\t\t<\/div>\n\t\t\t\t<div class=\"elementor-element elementor-element-074c9cd elementor-widget elementor-widget-html\" data-id=\"074c9cd\" data-element_type=\"widget\" data-e-type=\"widget\" data-widget_type=\"html.default\">\n\t\t\t\t<div class=\"elementor-widget-container\">\n\t\t\t\t\t<a id=\"zl-url\" class=\"zl-url\" href=\"https:\/\/www.znanylekarz.pl\/edyta-sperling\/psycholog\/wroclaw\" rel=\"nofollow\" data-zlw-doctor=\"edyta-sperling\" data-zlw-type=\"big_with_calendar\" data-zlw-opinion=\"false\" data-zlw-hide-branding=\"true\" data-zlw-saas-only=\"true\">Edyta Sperling - ZnanyLekarz.pl<\/a><script>!function($_x,_s,id){var js,fjs=$_x.getElementsByTagName(_s)[0];if(!$_x.getElementById(id)){js = $_x.createElement(_s);js.id = id;js.src = \"\/\/platform.docplanner.com\/js\/widget.js\";fjs.parentNode.insertBefore(js,fjs);}}(document,\"script\",\"zl-widget-s\");<\/script>\t\t\t\t<\/div>\n\t\t\t\t<\/div>\n\t\t\t\t\t<\/div>\n\t\t<\/div>\n\t\t\t\t<div class=\"elementor-column elementor-col-50 elementor-top-column elementor-element elementor-element-3dac063\" data-id=\"3dac063\" data-element_type=\"column\" data-e-type=\"column\">\n\t\t\t<div class=\"elementor-widget-wrap elementor-element-populated\">\n\t\t\t\t\t\t<div class=\"elementor-element elementor-element-d2c2b0a elementor-widget elementor-widget-image\" data-id=\"d2c2b0a\" data-element_type=\"widget\" data-e-type=\"widget\" data-widget_type=\"image.default\">\n\t\t\t\t<div class=\"elementor-widget-container\">\n\t\t\t\t\t\t\t\t\t\t\t\t\t\t\t<img fetchpriority=\"high\" decoding=\"async\" width=\"543\" height=\"753\" src=\"https:\/\/somacare.pl\/wp-content\/uploads\/2023\/07\/Sperling.png\" class=\"attachment-large size-large wp-image-4852\" alt=\"\" srcset=\"https:\/\/somacare.pl\/wp-content\/uploads\/2023\/07\/Sperling.png 543w, https:\/\/somacare.pl\/wp-content\/uploads\/2023\/07\/Sperling-216x300.png 216w\" sizes=\"(max-width: 543px) 100vw, 543px\" \/>\t\t\t\t\t\t\t\t\t\t\t\t\t\t\t<\/div>\n\t\t\t\t<\/div>\n\t\t\t\t<div class=\"elementor-element elementor-element-e08c514 elementor-widget elementor-widget-heading\" data-id=\"e08c514\" data-element_type=\"widget\" data-e-type=\"widget\" data-widget_type=\"heading.default\">\n\t\t\t\t<div class=\"elementor-widget-container\">\n\t\t\t\t\t<h2 class=\"elementor-heading-title elementor-size-default\">Edyta zaprasza do gabinetu osoby doros\u0142e, kt\u00f3re:<\/h2>\t\t\t\t<\/div>\n\t\t\t\t<\/div>\n\t\t\t\t<div class=\"elementor-element elementor-element-0a93fac elementor-widget elementor-widget-text-editor\" data-id=\"0a93fac\" data-element_type=\"widget\" data-e-type=\"widget\" data-widget_type=\"text-editor.default\">\n\t\t\t\t<div class=\"elementor-widget-container\">\n\t\t\t\t\t\t\t\t\t<ul><li>do\u015bwiadczaj\u0105 trudno\u015bci zwi\u0105zanych z codziennym funkcjonowaniem (problemami w obszarze: relacyjnym, rodzinnym, zawodowym, zdrowotnym)<\/li><li>prze\u017cywaj\u0105 kryzys utraty zdrowia, zwi\u0105zany z przewlek\u0142\u0105 chorob\u0105 somatyczn\u0105<\/li><li>cierpi\u0105 z powodu zaburze\u0144 l\u0119kowych, zaburze\u0144 nastroju lub chronicznego stresu<\/li><li>do\u015bwiadczaj\u0105 trudno\u015bci w okresie oko\u0142oporodowym (kryzys niep\u0142odno\u015bci, l\u0119k przed porodem, depresja poporodowa, chroniczne zm\u0119czenie, wahania nastroju)<\/li><li>potrzebuj\u0105 wsparcia i pomocy merytorycznej w zakresie psychoedukacji (radzenie sobie ze stresem, podnoszenie jako\u015bci \u017cycia, umiej\u0119tno\u015b\u0107 rozwi\u0105zywania problem\u00f3w, samoocena, samoakceptacja)<\/li><li>chc\u0105 pracowa\u0107 z cia\u0142em nad temat wi\u0119zi, chronicznym stresem, czy zm\u0119czeniem<\/li><\/ul>\t\t\t\t\t\t\t\t<\/div>\n\t\t\t\t<\/div>\n\t\t\t\t<div class=\"elementor-element elementor-element-0f92725 elementor-widget elementor-widget-rttalkingminds-custombutton\" data-id=\"0f92725\" data-element_type=\"widget\" data-e-type=\"widget\" data-widget_type=\"rttalkingminds-custombutton.default\">\n\t\t\t\t<div class=\"elementor-widget-container\">\n\t\t\t\t\t \n\t\n  <a class=\"custom-button1\" href=\"https:\/\/somacare.pl\/index.php\/umow-wizyte\/\">\n\tUm\u00f3w wizyt\u0119 u Edyty\t<\/a> \n\t\n  \t\t\t\t<\/div>\n\t\t\t\t<\/div>\n\t\t\t\t\t<\/div>\n\t\t<\/div>\n\t\t\t\t\t<\/div>\n\t\t<\/section>\n\t\t\t\t<section class=\"elementor-section elementor-top-section elementor-element elementor-element-8b2e053 elementor-section-content-middle elementor-section-boxed elementor-section-height-default elementor-section-height-default\" data-id=\"8b2e053\" data-element_type=\"section\" data-e-type=\"section\">\n\t\t\t\t\t\t<div class=\"elementor-container elementor-column-gap-default\">\n\t\t\t\t\t<div class=\"elementor-column elementor-col-100 elementor-top-column elementor-element elementor-element-b177455\" data-id=\"b177455\" data-element_type=\"column\" data-e-type=\"column\">\n\t\t\t<div class=\"elementor-widget-wrap\">\n\t\t\t\t\t\t\t<\/div>\n\t\t<\/div>\n\t\t\t\t\t<\/div>\n\t\t<\/section>\n\t\t\t\t<\/div>\n\t\t","protected":false},"excerpt":{"rendered":"<p>Edyta Sperling Psycholog, terapeuta czaszkowo-krzy\u017cowy Jestem psychologiem oraz terapeut\u0105 czaszkowo-krzy\u017cowym w uj\u0119ciu biodynamicznym. Szkol\u0119 si\u0119 z zakresu opieki i kryzys\u00f3w oko\u0142oporodowych oraz psychologii perinatalnej, co pozwala na zaopiekowanie si\u0119 tematami zwi\u0105zanymi z kryzysem niep\u0142odno\u015bci, \u017ca\u0142oby, depresji poporodowej i innymi trudno\u015bciami odczuwanymi w tym szczeg\u00f3lnym okresie. Zawodowo jestem zwi\u0105zana z Dolno\u015bl\u0105skim Centrum Onkologii, Pulmonologii i Hematologii [&hellip;]<\/p>\n","protected":false},"author":1,"featured_media":0,"parent":0,"menu_order":0,"comment_status":"closed","ping_status":"closed","template":"templates\/page-box-title.php","meta":{"_acf_changed":false,"inline_featured_image":false,"footnotes":""},"class_list":["post-4848","page","type-page","status-publish","hentry"],"acf":[],"_links":{"self":[{"href":"https:\/\/somacare.pl\/index.php\/wp-json\/wp\/v2\/pages\/4848","targetHints":{"allow":["GET"]}}],"collection":[{"href":"https:\/\/somacare.pl\/index.php\/wp-json\/wp\/v2\/pages"}],"about":[{"href":"https:\/\/somacare.pl\/index.php\/wp-json\/wp\/v2\/types\/page"}],"author":[{"embeddable":true,"href":"https:\/\/somacare.pl\/index.php\/wp-json\/wp\/v2\/users\/1"}],"replies":[{"embeddable":true,"href":"https:\/\/somacare.pl\/index.php\/wp-json\/wp\/v2\/comments?post=4848"}],"version-history":[{"count":7,"href":"https:\/\/somacare.pl\/index.php\/wp-json\/wp\/v2\/pages\/4848\/revisions"}],"predecessor-version":[{"id":4872,"href":"https:\/\/somacare.pl\/index.php\/wp-json\/wp\/v2\/pages\/4848\/revisions\/4872"}],"wp:attachment":[{"href":"https:\/\/somacare.pl\/index.php\/wp-json\/wp\/v2\/media?parent=4848"}],"curies":[{"name":"wp","href":"https:\/\/api.w.org\/{rel}","templated":true}]}}