{"id":4901,"date":"2024-03-25T00:14:15","date_gmt":"2024-03-24T23:14:15","guid":{"rendered":"https:\/\/somacare.pl\/?page_id=4901"},"modified":"2026-03-09T10:43:38","modified_gmt":"2026-03-09T09:43:38","slug":"bogna-nowiszewska","status":"publish","type":"page","link":"https:\/\/somacare.pl\/index.php\/bogna-nowiszewska\/","title":{"rendered":"Bogna Nowiszewska"},"content":{"rendered":"\t\t<div data-elementor-type=\"wp-page\" data-elementor-id=\"4901\" class=\"elementor elementor-4901\">\n\t\t\t\t\t\t<section class=\"elementor-section elementor-top-section elementor-element elementor-element-875857f elementor-section-content-middle elementor-section-boxed elementor-section-height-default elementor-section-height-default\" data-id=\"875857f\" data-element_type=\"section\" data-e-type=\"section\">\n\t\t\t\t\t\t<div class=\"elementor-container elementor-column-gap-extended\">\n\t\t\t\t\t<div class=\"elementor-column elementor-col-50 elementor-top-column elementor-element elementor-element-ca799f4\" data-id=\"ca799f4\" data-element_type=\"column\" data-e-type=\"column\">\n\t\t\t<div class=\"elementor-widget-wrap elementor-element-populated\">\n\t\t\t\t\t\t<div class=\"elementor-element elementor-element-6da9e89 elementor-widget elementor-widget-text-editor\" data-id=\"6da9e89\" data-element_type=\"widget\" data-e-type=\"widget\" data-widget_type=\"text-editor.default\">\n\t\t\t\t<div class=\"elementor-widget-container\">\n\t\t\t\t\t\t\t\t\t<h2>Bogna Nowiszewska<\/h2>\n<h4 style=\"margin-bottom: 28px; color: #26aba3; font-weight: bold;\">Psycholo\u017cka, psychotraumatolo\u017cka<\/h4>\n<p><span style=\"font-weight: 400;\">Nazywam si\u0119 Bogna Nowiszewska<\/span><span style=\"font-weight: 400;\"> przez ostatnie 13 lat prowadzi\u0142am w\u0142asn\u0105 dzia\u0142alno\u015b\u0107 gospodarcz\u0105 w zakresie opieki i edukacji dzieci (\u017b\u0142obek, Przedszkole). Naby\u0142am du\u017ce do\u015bwiadczenie w pracy z dzie\u0107mi i rodzicami. Potrafi\u0119 rozpozna\u0107 czynniki ryzyka kszta\u0142towania si\u0119 trudno\u015bci i zaburze\u0144 rozwojowych. Wyja\u015bni\u0107 ich mechanizm, wykorzystuj\u0105c r\u00f3\u017cne podej\u015bcia teoretyczne oraz wdro\u017cy\u0107 terapi\u0119. Potrafi\u0119 rozpozna\u0107 specyficzne potrzeby rozwojowe dzieci i m\u0142odzie\u017cy w wymiarze spo\u0142ecznym i indywidualnym. Potrafi\u0119 ustosunkowa\u0107 si\u0119 do istniej\u0105cych metod terapii i wspierania rozwoju, dobra\u0107 metod\u0119 oddzia\u0142ywa\u0144 do indywidualnego przypadku a tak\u017ce skonstruowa\u0107 w\u0142asny program wspomagania rozwoju.<\/span><\/p>\n<p><span style=\"font-weight: 400;\">Uko\u0144czone uczelnie zdobyte kwalifikacje:<\/span><\/p>\n<ul>\n<li><span style=\"font-weight: 400;\">Psychologia&nbsp;<\/span><\/li>\n<li><span style=\"font-weight: 400;\">Psychotraumatologia<\/span><\/li>\n<li><span style=\"font-weight: 400;\">Psychologiczne wspomaganie dzieci i m\u0142odzie\u017cy z trudno\u015bciami<\/span><\/li>\n<\/ul>\n<p><b>Psychologiczne Indywidualne konsultacje\/sesje&nbsp;<\/b><\/p>\n<p><span style=\"font-weight: 400;\">Zapraszam na indywidualne konsultacje\/sesje zar\u00f3wno osoby doros\u0142e jak i m\u0142odzie\u017c. Ka\u017cde 55-minutowe spotkanie to bezpieczna i poufna przestrze\u0144, gdzie wsp\u00f3lnie zbadamy Twoje wewn\u0119trzne prze\u017cycia, emocje i mechanizmy, kt\u00f3re kszta\u0142tuj\u0105 Twoje codzienne \u017cycie. Odkryjesz, jak skutecznie pracowa\u0107 nad sob\u0105.<\/span><\/p>\n<p><span style=\"font-weight: 400;\">Oferuj\u0119 terapi\u0119 psychologiczn\u0105 dla dzieci i m\u0142odzie\u017cy do\u015bwiadczaj\u0105cej trudno\u015bci adaptacyjnych w domu, przedszkolu i w szkole, stan\u00f3w depresyjnych i nerwicowo-l\u0119kowych, zaburze\u0144 przywi\u0105zania, to\u017csamo\u015bci itp.<\/span><\/p>\n<p><span style=\"font-weight: 400;\">Zapraszam r\u00f3wnie\u017c rodzic\u00f3w dzieci i m\u0142odzie\u017cy, kt\u00f3rym pomagam w budowaniu bezpiecznych wi\u0119zi a tak\u017ce komunikacji z dzieckiem.<\/span><\/p>\n<p><b>Zastanawiasz si\u0119, czy te sesje s\u0105 dla Ciebie?<\/b><\/p>\n<p><span style=\"font-weight: 400;\">Je\u015bli nale\u017cysz do os\u00f3b, kt\u00f3re:<\/span><\/p>\n<ul>\n<li><span style=\"font-weight: 400;\">do\u015bwiadczy\u0142y traum (w tym traum z\u0142o\u017conych, rozwojowych i relacyjnych),<\/span><\/li>\n<li><span style=\"font-weight: 400;\">borykaj\u0105 si\u0119 z l\u0119kiem, atakami paniki, depresj\u0105, wypaleniem, natr\u0119ctwami,<\/span><\/li>\n<li><span style=\"font-weight: 400;\">zmagaj\u0105 si\u0119 z problemami psychosomatycznymi,<\/span><\/li>\n<li><span style=\"font-weight: 400;\">chc\u0105 pracowa\u0107 nad akceptacj\u0105 siebie, relacjami, granicami i poczuciem to\u017csamo\u015bci,<\/span><\/li>\n<li><span style=\"font-weight: 400;\">pragn\u0105 lepiej zrozumie\u0107 siebie, swoje wewn\u0119trzne cz\u0119\u015bci i wewn\u0119trzny system (IFS),<\/span><\/li>\n<li><span style=\"font-weight: 400;\">szukaj\u0105 skutecznych metod pracy z pod\u015bwiadomo\u015bci\u0105 i cia\u0142em,&nbsp;<\/span><\/li>\n<\/ul>\n<p style=\"padding-left: 40px;\"><span style=\"font-weight: 400;\">&#8211;&nbsp; serdecznie zapraszam Ci\u0119 na spotkanie!<\/span><\/p>\n<p><b>Moje metody pracy&nbsp;<\/b><\/p>\n<p><span style=\"font-weight: 400;\">W swojej praktyce integruj\u0119 metody, kt\u00f3re pomagaj\u0105 zar\u00f3wno w g\u0142\u0119bokiej przemianie emocjonalnej, jak i w szybkim dost\u0119pie do Twoich wewn\u0119trznych zasob\u00f3w. S\u0105 to:<\/span><\/p>\n<ul>\n<li style=\"font-weight: 400;\" aria-level=\"1\"><b>Hipnoza i hipnoterapia <\/b><span style=\"font-weight: 400;\">\u2013&nbsp; jest metod\u0105 terapeutyczn\u0105 akceptowan\u0105 i uznawan\u0105 w dziedzinie psychologii i medycyny, wykorzystywan\u0105 od wielu lat. <\/span><\/li>\n<\/ul>\n<p style=\"padding-left: 40px;\">Stan hipnotyczny, jest do\u015bwiadczeniem, kt\u00f3re wielu z nas prze\u017cywa na co dzie\u0144, nie zdaj\u0105c sobie sprawy, \u017ce to w\u0142a\u015bnie hipnoza. Chodzi o momenty ca\u0142kowitego skupienia, kiedy to czas wydaje si\u0119 zatrzyma\u0107. Praca nad sob\u0105 odbywa si\u0119 zawsze na warunkach klienta, kt\u00f3ry w ka\u017cdej chwili mo\u017ce wycofa\u0107 si\u0119 z do\u015bwiadczenia hipnotycznego, je\u015bli tylko tego zechce.<\/p>\n<p style=\"padding-left: 40px;\"><span style=\"font-weight: 400;\">Hipnoterapia pozwala na obni\u017cenie poziomu czujno\u015bci naszego umys\u0142u kontroluj\u0105cego, daj\u0105c szans\u0119 na wyciszenie si\u0119 i przyj\u0119cie nowych, korzystnych dla nas informacji i rozwi\u0105za\u0144 z g\u0142\u0119bin naszej pod\u015bwiadomo\u015bci. Dzi\u0119ki stanom transowym, kt\u00f3re sprzyjaj\u0105 kreatywno\u015bci i wyciszeniu, mo\u017cemy do\u015bwiadcza\u0107 przyp\u0142ywu nowych pomys\u0142\u00f3w i rozwi\u0105za\u0144. Wykorzystanie hipnoterapii jest szerokie \u2013 od \u0142agodzenia b\u00f3lu, przez redukcj\u0119 stresu, popraw\u0119 jako\u015bci snu, usuwanie barier w nauce, uwalnianie si\u0119 od na\u0142og\u00f3w, praca z traum\u0105. Wszystkie te zastosowania maj\u0105 na celu nie tylko rozwi\u0105zanie konkretnego problemu, ale tak\u017ce og\u00f3ln\u0105 popraw\u0119 jako\u015bci \u017cycia i samopoczucia, dzi\u0119ki narz\u0119dziom i technikom, kt\u00f3re hipnoterapia oferuje do pracy nad sob\u0105.<\/span><\/p>\n<ul>\n<li style=\"font-weight: 400;\" aria-level=\"1\"><b>Brainspotting<\/b><span style=\"font-weight: 400;\"> \u2013to neurobiologiczna&nbsp; metoda pracy z traum\u0105, l\u0119kiem, stresem i emocjonalnym napi\u0119ciem. Wykorzystuje kierunek spojrzenia, by dotrze\u0107 do trudnych do\u015bwiadcze\u0144 zapisanych w ciele i uk\u0142adzie nerwowym.<\/span><\/li>\n<\/ul>\n<p style=\"padding-left: 40px;\"><span style=\"font-weight: 400;\">To delikatna, a zarazem g\u0142\u0119boka forma terapii, kt\u00f3ra pomaga w uwolnieniu emocji bez konieczno\u015bci szczeg\u00f3\u0142owego opowiadania o przesz\u0142o\u015bci. Wp\u0142ywa na regulacj\u0119 uk\u0142adu nerwowego. Sprawdza si\u0119 w pracy z traumami, stanami l\u0119kowymi, depresj\u0105, uzale\u017cnieniami i objawami psychosomatycznymi.<\/span><\/p>\n<ul>\n<li style=\"font-weight: 400;\" aria-level=\"1\"><b>Terapia IFS (Internal Family Systems<\/b><span style=\"font-weight: 400;\">) <\/span><b>\/System Wewn\u0119trznej Rodziny<\/b><span style=\"font-weight: 400;\"> to g\u0142\u0119boko empatyczna i transformuj\u0105ca metoda pracy wewn\u0119trznej, oparta na za\u0142o\u017ceniu, \u017ce ka\u017cdy z nas sk\u0142ada si\u0119 z wielu cz\u0119\u015bci \u2013 wewn\u0119trznych \u201cg\u0142os\u00f3w\u201d, kt\u00f3re maj\u0105 swoje emocje, intencje i historie. Cz\u0119\u015bci te mog\u0105 pe\u0142ni\u0107 r\u00f3\u017cne role: chroni\u0107 nas, wypiera\u0107 trudne do\u015bwiadczenia, a czasem nosi\u0107 b\u00f3l z przesz\u0142o\u015bci. W IFS uczymy si\u0119 rozpoznawa\u0107 te cz\u0119\u015bci, wchodzi\u0107 z nimi w dialog i nawi\u0105zywa\u0107 relacj\u0119 z ich perspektywy, ale z poziomu naszego wewn\u0119trznego \u201cJa\u201d \u2013 spokojnej, obecnej i wsp\u00f3\u0142czuj\u0105cej \u015bwiadomo\u015bci. To w\u0142a\u015bnie z tego miejsca mo\u017cliwe jest uzdrawianie wewn\u0119trznych konflikt\u00f3w i budowanie g\u0142\u0119bszego poczucia sp\u00f3jno\u015bci, budowanie&nbsp; wolno\u015bci emocjonalnej.&nbsp;<\/span><\/li>\n<\/ul>\n<p style=\"padding-left: 40px;\"><span style=\"font-weight: 400;\">IFS jest szczeg\u00f3lnie pomocna w pracy w uzdrawianiu skutk\u00f3w traum (r\u00f3wnie\u017c z\u0142o\u017conych i z dzieci\u0144stwa), w pracy z wewn\u0119trznym krytykiem i niskim poczuciem w\u0142asnej warto\u015bci, w redukcji l\u0119ku, napi\u0119cia i stan\u00f3w depresyjnych, w odzyskiwaniu kontaktu z w\u0142asnymi emocjami i potrzebami, w lepszym rozumieniu siebie i swoich reakcji, w budowaniu zdrowych granic i relacji z innymi, w uwalnianiu si\u0119 od przymusowych zachowa\u0144 i schemat\u00f3w, w odzyskiwaniu poczucia sp\u00f3jno\u015bci, wewn\u0119trznego spokoju i wolno\u015bci<\/span><\/p>\n<p style=\"padding-left: 40px;\"><span style=\"font-weight: 400;\">IFS pomaga spojrze\u0107 na siebie z wi\u0119ksz\u0105 czu\u0142o\u015bci\u0105 i zrozumieniem. To podej\u015bcie, kt\u00f3re wzmacnia kontakt z w\u0142asnym, autentycznym \u201eJa\u201d.<\/span><\/p>\n<ul>\n<li style=\"font-weight: 400;\" aria-level=\"1\"><b>Metoda dr Yagera<\/b><span style=\"font-weight: 400;\"> \u2013 zaawansowana forma pracy z pod\u015bwiadomo\u015bci\u0105, , pozwala dotrze\u0107 do g\u0142\u0119bokich przyczyn problem\u00f3w emocjonalnych, fizycznych i psychicznych \u2014 bez konieczno\u015bci prze\u017cywania traumy na nowo. Pracujemy z tzw. \u201ewy\u017cszym poziomem \u015bwiadomo\u015bci\u201d, kt\u00f3ry pomaga rozwi\u0105zywa\u0107 wewn\u0119trzne konflikty, usuwa\u0107 nieu\u015bwiadomione blokady i przekszta\u0142ca\u0107 wzorce zapisane w umy\u015ble.<\/span><\/li>\n<\/ul>\n<p style=\"padding-left: 40px;\"><span style=\"font-weight: 400;\">Metoda ta jest szczeg\u00f3lnie skuteczna w pracy z: traum\u0105 (r\u00f3wnie\u017c z\u0142o\u017con\u0105 i wczesnodzieci\u0119c\u0105), l\u0119kami, atakami paniki, depresj\u0105, uzale\u017cnieniami i kompulsjami, psychosomatycznymi objawami, np. b\u00f3lami, napi\u0119ciami, bezsenno\u015bci\u0105, niskim poczuciem w\u0142asnej warto\u015bci i samokrytyk\u0105.<\/span><\/p>\n<p style=\"padding-left: 40px;\"><span style=\"font-weight: 400;\">To skuteczne wsparcie dla os\u00f3b szukaj\u0105cych delikatnej, ale g\u0142\u0119boko transformuj\u0105cej metody pracy nad sob\u0105.<\/span><\/p>\n<ul>\n<li style=\"font-weight: 400;\" aria-level=\"1\"><b>Terapia Skoncentrowana na Rozwi\u0105zaniach (TSR)<\/b><span style=\"font-weight: 400;\"> \u2013 kr\u00f3tkoterminowa metoda koncentruj\u0105ca si\u0119 na zasobach i przysz\u0142o\u015bci, idealna przy pracy z jasno okre\u015blonym celem.<\/span><\/li>\n<\/ul>\n<p style=\"padding-left: 40px;\"><span style=\"font-weight: 400;\">TSR to kr\u00f3tkoterminowe, praktyczne podej\u015bcie terapeutyczne, kt\u00f3re koncentruje si\u0119 na Twoich zasobach, celach i mo\u017cliwo\u015bciach, a nie na analizowaniu problemu. Nie musisz szczeg\u00f3\u0142owo wraca\u0107 do trudnych do\u015bwiadcze\u0144 \u2013 skupiamy si\u0119 na tym, co ju\u017c w Tobie dzia\u0142a, co mo\u017cesz rozwija\u0107 i jak zrobi\u0107 pierwszy, mo\u017cliwy krok ku zmianie.<\/span><\/p>\n<p style=\"padding-left: 40px;\"><strong>W terapii:<\/strong><\/p>\n<ul>\n<li><span style=\"font-weight: 400;\">odkryjesz swoje mocne strony i umiej\u0119tno\u015bci radzenia sobie,<\/span><\/li>\n<li><span style=\"font-weight: 400;\">nauczysz si\u0119 dostrzega\u0107 to, co ju\u017c robisz dobrze,<\/span><\/li>\n<li><span style=\"font-weight: 400;\">zbudujesz konkretne, realistyczne cele,<\/span><\/li>\n<li>zaczniesz zauwa\u017ca\u0107 ma\u0142e zmiany, kt\u00f3re prowadz\u0105 do wi\u0119kszej poprawy jako\u015bci \u017cycia.<\/li>\n<\/ul>\n<p style=\"padding-left: 40px;\"><span style=\"font-weight: 400;\">TSR pomaga m.in. w pracy z:<\/span><\/p>\n<ul>\n<li><span style=\"font-weight: 400;\">obni\u017conym nastrojem i stresem,<\/span><\/li>\n<li><span style=\"font-weight: 400;\">kryzysami \u017cyciowymi i wypaleniem,<\/span><\/li>\n<li><span style=\"font-weight: 400;\">trudno\u015bciami w relacjach,<\/span><\/li>\n<li><span style=\"font-weight: 400;\">brakiem motywacji i poczuciem zagubienia,<\/span><\/li>\n<li>wyznaczaniem granic i wzmacnianiem poczucia sprawczo\u015bci.<\/li>\n<\/ul>\n<p><span style=\"font-weight: 400;\">To podej\u015bcie pe\u0142ne szacunku, nadziei i wiary w to, \u017ce zmiana jest mo\u017cliwa \u2014 nawet je\u015bli dzi\u015b wydaje si\u0119 odleg\u0142a.<\/span><\/p>\t\t\t\t\t\t\t\t<\/div>\n\t\t\t\t<\/div>\n\t\t\t\t\t<\/div>\n\t\t<\/div>\n\t\t\t\t<div class=\"elementor-column elementor-col-50 elementor-top-column elementor-element elementor-element-3dac063\" data-id=\"3dac063\" data-element_type=\"column\" data-e-type=\"column\">\n\t\t\t<div class=\"elementor-widget-wrap elementor-element-populated\">\n\t\t\t\t\t\t<div class=\"elementor-element elementor-element-d1ef32a elementor-absolute elementor-widget elementor-widget-image\" data-id=\"d1ef32a\" data-element_type=\"widget\" data-e-type=\"widget\" data-settings=\"{&quot;_position&quot;:&quot;absolute&quot;}\" data-widget_type=\"image.default\">\n\t\t\t\t<div class=\"elementor-widget-container\">\n\t\t\t\t\t\t\t\t\t\t\t\t\t\t\t<img fetchpriority=\"high\" decoding=\"async\" width=\"580\" height=\"785\" src=\"https:\/\/somacare.pl\/wp-content\/uploads\/2025\/09\/IMG_0441-757x1024.jpg\" class=\"attachment-large size-large wp-image-5089\" alt=\"\" srcset=\"https:\/\/somacare.pl\/wp-content\/uploads\/2025\/09\/IMG_0441-757x1024.jpg 757w, https:\/\/somacare.pl\/wp-content\/uploads\/2025\/09\/IMG_0441-222x300.jpg 222w, https:\/\/somacare.pl\/wp-content\/uploads\/2025\/09\/IMG_0441-768x1038.jpg 768w, https:\/\/somacare.pl\/wp-content\/uploads\/2025\/09\/IMG_0441-1136x1536.jpg 1136w, https:\/\/somacare.pl\/wp-content\/uploads\/2025\/09\/IMG_0441-1200x1623.jpg 1200w, https:\/\/somacare.pl\/wp-content\/uploads\/2025\/09\/IMG_0441.jpg 1255w\" sizes=\"(max-width: 580px) 100vw, 580px\" \/>\t\t\t\t\t\t\t\t\t\t\t\t\t\t\t<\/div>\n\t\t\t\t<\/div>\n\t\t\t\t<div class=\"elementor-element elementor-element-0f92725 elementor-widget elementor-widget-rttalkingminds-custombutton\" data-id=\"0f92725\" data-element_type=\"widget\" data-e-type=\"widget\" data-widget_type=\"rttalkingminds-custombutton.default\">\n\t\t\t\t<div class=\"elementor-widget-container\">\n\t\t\t\t\t \n\t\n  <a class=\"custom-button1\" href=\"https:\/\/www.medfile.pl\/bogna-nowiszewska\/psychotraumatolog\/polska\/\">\n\tUm\u00f3w wizyt\u0119 u Bogny\t<\/a> \n\t\n  \t\t\t\t<\/div>\n\t\t\t\t<\/div>\n\t\t\t\t\t<\/div>\n\t\t<\/div>\n\t\t\t\t\t<\/div>\n\t\t<\/section>\n\t\t\t\t<section class=\"elementor-section elementor-top-section elementor-element elementor-element-8b2e053 elementor-section-content-middle elementor-section-boxed elementor-section-height-default elementor-section-height-default\" data-id=\"8b2e053\" data-element_type=\"section\" data-e-type=\"section\">\n\t\t\t\t\t\t<div class=\"elementor-container elementor-column-gap-default\">\n\t\t\t\t\t<div class=\"elementor-column elementor-col-100 elementor-top-column elementor-element elementor-element-b177455\" data-id=\"b177455\" data-element_type=\"column\" data-e-type=\"column\">\n\t\t\t<div class=\"elementor-widget-wrap\">\n\t\t\t\t\t\t\t<\/div>\n\t\t<\/div>\n\t\t\t\t\t<\/div>\n\t\t<\/section>\n\t\t\t\t<\/div>\n\t\t","protected":false},"excerpt":{"rendered":"<p>Bogna Nowiszewska Psycholo\u017cka, psychotraumatolo\u017cka Nazywam si\u0119 Bogna Nowiszewska przez ostatnie 13 lat prowadzi\u0142am w\u0142asn\u0105 dzia\u0142alno\u015b\u0107 gospodarcz\u0105 w zakresie opieki i edukacji dzieci (\u017b\u0142obek, Przedszkole). Naby\u0142am du\u017ce do\u015bwiadczenie w pracy z dzie\u0107mi i rodzicami. Potrafi\u0119 rozpozna\u0107 czynniki ryzyka kszta\u0142towania si\u0119 trudno\u015bci i zaburze\u0144 rozwojowych. Wyja\u015bni\u0107 ich mechanizm, wykorzystuj\u0105c r\u00f3\u017cne podej\u015bcia teoretyczne oraz wdro\u017cy\u0107 terapi\u0119. Potrafi\u0119 rozpozna\u0107 [&hellip;]<\/p>\n","protected":false},"author":1,"featured_media":0,"parent":0,"menu_order":0,"comment_status":"closed","ping_status":"closed","template":"templates\/page-box-title.php","meta":{"_acf_changed":false,"inline_featured_image":false,"footnotes":""},"class_list":["post-4901","page","type-page","status-publish","hentry"],"acf":[],"_links":{"self":[{"href":"https:\/\/somacare.pl\/index.php\/wp-json\/wp\/v2\/pages\/4901","targetHints":{"allow":["GET"]}}],"collection":[{"href":"https:\/\/somacare.pl\/index.php\/wp-json\/wp\/v2\/pages"}],"about":[{"href":"https:\/\/somacare.pl\/index.php\/wp-json\/wp\/v2\/types\/page"}],"author":[{"embeddable":true,"href":"https:\/\/somacare.pl\/index.php\/wp-json\/wp\/v2\/users\/1"}],"replies":[{"embeddable":true,"href":"https:\/\/somacare.pl\/index.php\/wp-json\/wp\/v2\/comments?post=4901"}],"version-history":[{"count":10,"href":"https:\/\/somacare.pl\/index.php\/wp-json\/wp\/v2\/pages\/4901\/revisions"}],"predecessor-version":[{"id":5100,"href":"https:\/\/somacare.pl\/index.php\/wp-json\/wp\/v2\/pages\/4901\/revisions\/5100"}],"wp:attachment":[{"href":"https:\/\/somacare.pl\/index.php\/wp-json\/wp\/v2\/media?parent=4901"}],"curies":[{"name":"wp","href":"https:\/\/api.w.org\/{rel}","templated":true}]}}