{"id":4909,"date":"2024-03-25T00:18:49","date_gmt":"2024-03-24T23:18:49","guid":{"rendered":"https:\/\/somacare.pl\/?page_id=4909"},"modified":"2024-03-25T00:26:36","modified_gmt":"2024-03-24T23:26:36","slug":"aleksandra-domagalska","status":"publish","type":"page","link":"https:\/\/somacare.pl\/index.php\/aleksandra-domagalska\/","title":{"rendered":"Aleksandra Domagalska"},"content":{"rendered":"\t\t<div data-elementor-type=\"wp-page\" data-elementor-id=\"4909\" class=\"elementor elementor-4909\">\n\t\t\t\t\t\t<section class=\"elementor-section elementor-top-section elementor-element elementor-element-875857f elementor-section-content-middle elementor-section-boxed elementor-section-height-default elementor-section-height-default\" data-id=\"875857f\" data-element_type=\"section\" data-e-type=\"section\">\n\t\t\t\t\t\t<div class=\"elementor-container elementor-column-gap-extended\">\n\t\t\t\t\t<div class=\"elementor-column elementor-col-50 elementor-top-column elementor-element elementor-element-ca799f4\" data-id=\"ca799f4\" data-element_type=\"column\" data-e-type=\"column\">\n\t\t\t<div class=\"elementor-widget-wrap elementor-element-populated\">\n\t\t\t\t\t\t<div class=\"elementor-element elementor-element-6da9e89 elementor-widget elementor-widget-text-editor\" data-id=\"6da9e89\" data-element_type=\"widget\" data-e-type=\"widget\" data-widget_type=\"text-editor.default\">\n\t\t\t\t<div class=\"elementor-widget-container\">\n\t\t\t\t\t\t\t\t\t<h2>Aleksandra Domagalska<\/h2><h4 style=\"margin-bottom: 28px; color: #26aba3; font-weight: bold;\">Osteopata<\/h4><p><span style=\"font-weight: 400;\">Jestem absolwentk\u0105 Akademii Medycznej we Wroc\u0142awiu na kierunku fizjoterapia oraz Akademii Osteopatii w Poznaniu na kierunku osteopatia. Jako osteopatka , w ka\u017cdym przypadku pacjenta, skupiam si\u0119 na diagnostyce (wnikliwym wywiadzie oraz palpacji- czyli diagnozie za pomoc\u0105 dotyku), manipulalacjach tkankowych, ocenie jako\u015bci pracy narz\u0105d\u00f3w i uk\u0142ad\u00f3w, przez pryzmat \u00a0 \u00a0 m. in. uk\u0142adu kr\u0105\u017cenia i uk\u0142adu nerwowego. Pracuj\u0119 z osobami doros\u0142ymi, dzie\u0107mi oraz niemowl\u0119tami, wsp\u00f3\u0142pracuj\u0105c ze specjalistami z innych dziedzin (neurologopedzi, logopedzi, fizjoterapeuci, ortodonci, psycholodzy, dietetycy, trenerzy personalni).<\/span><\/p>\t\t\t\t\t\t\t\t<\/div>\n\t\t\t\t<\/div>\n\t\t\t\t\t<\/div>\n\t\t<\/div>\n\t\t\t\t<div class=\"elementor-column elementor-col-50 elementor-top-column elementor-element elementor-element-3dac063\" data-id=\"3dac063\" data-element_type=\"column\" data-e-type=\"column\">\n\t\t\t<div class=\"elementor-widget-wrap elementor-element-populated\">\n\t\t\t\t\t\t<div class=\"elementor-element elementor-element-d1ef32a elementor-widget elementor-widget-image\" data-id=\"d1ef32a\" data-element_type=\"widget\" data-e-type=\"widget\" data-widget_type=\"image.default\">\n\t\t\t\t<div class=\"elementor-widget-container\">\n\t\t\t\t\t\t\t\t\t\t\t\t\t\t\t<img fetchpriority=\"high\" decoding=\"async\" width=\"500\" height=\"550\" src=\"https:\/\/somacare.pl\/wp-content\/uploads\/2024\/03\/Aleksandra-zdjecie.jpeg\" class=\"attachment-large size-large wp-image-4911\" alt=\"\" srcset=\"https:\/\/somacare.pl\/wp-content\/uploads\/2024\/03\/Aleksandra-zdjecie.jpeg 500w, https:\/\/somacare.pl\/wp-content\/uploads\/2024\/03\/Aleksandra-zdjecie-273x300.jpeg 273w\" sizes=\"(max-width: 500px) 100vw, 500px\" \/>\t\t\t\t\t\t\t\t\t\t\t\t\t\t\t<\/div>\n\t\t\t\t<\/div>\n\t\t\t\t<div class=\"elementor-element elementor-element-0f92725 elementor-widget elementor-widget-rttalkingminds-custombutton\" data-id=\"0f92725\" data-element_type=\"widget\" data-e-type=\"widget\" data-widget_type=\"rttalkingminds-custombutton.default\">\n\t\t\t\t<div class=\"elementor-widget-container\">\n\t\t\t\t\t \n\t\n  <a class=\"custom-button1\" href=\"https:\/\/www.medfile.pl\/aleksandra-domagalska\/osteopata\/polska\/\">\n\tUm\u00f3w wizyt\u0119 u Aleksandry\t<\/a> \n\t\n  \t\t\t\t<\/div>\n\t\t\t\t<\/div>\n\t\t\t\t\t<\/div>\n\t\t<\/div>\n\t\t\t\t\t<\/div>\n\t\t<\/section>\n\t\t\t\t<section class=\"elementor-section elementor-top-section elementor-element elementor-element-8b2e053 elementor-section-content-middle elementor-section-boxed elementor-section-height-default elementor-section-height-default\" data-id=\"8b2e053\" data-element_type=\"section\" data-e-type=\"section\">\n\t\t\t\t\t\t<div class=\"elementor-container elementor-column-gap-default\">\n\t\t\t\t\t<div class=\"elementor-column elementor-col-100 elementor-top-column elementor-element elementor-element-b177455\" data-id=\"b177455\" data-element_type=\"column\" data-e-type=\"column\">\n\t\t\t<div class=\"elementor-widget-wrap\">\n\t\t\t\t\t\t\t<\/div>\n\t\t<\/div>\n\t\t\t\t\t<\/div>\n\t\t<\/section>\n\t\t\t\t<\/div>\n\t\t","protected":false},"excerpt":{"rendered":"<p>Aleksandra Domagalska Osteopata Jestem absolwentk\u0105 Akademii Medycznej we Wroc\u0142awiu na kierunku fizjoterapia oraz Akademii Osteopatii w Poznaniu na kierunku osteopatia. Jako osteopatka , w ka\u017cdym przypadku pacjenta, skupiam si\u0119 na diagnostyce (wnikliwym wywiadzie oraz palpacji- czyli diagnozie za pomoc\u0105 dotyku), manipulalacjach tkankowych, ocenie jako\u015bci pracy narz\u0105d\u00f3w i uk\u0142ad\u00f3w, przez pryzmat \u00a0 \u00a0 m. in. uk\u0142adu [&hellip;]<\/p>\n","protected":false},"author":1,"featured_media":0,"parent":0,"menu_order":0,"comment_status":"closed","ping_status":"closed","template":"templates\/page-box-title.php","meta":{"_acf_changed":false,"inline_featured_image":false,"footnotes":""},"class_list":["post-4909","page","type-page","status-publish","hentry"],"acf":[],"_links":{"self":[{"href":"https:\/\/somacare.pl\/index.php\/wp-json\/wp\/v2\/pages\/4909","targetHints":{"allow":["GET"]}}],"collection":[{"href":"https:\/\/somacare.pl\/index.php\/wp-json\/wp\/v2\/pages"}],"about":[{"href":"https:\/\/somacare.pl\/index.php\/wp-json\/wp\/v2\/types\/page"}],"author":[{"embeddable":true,"href":"https:\/\/somacare.pl\/index.php\/wp-json\/wp\/v2\/users\/1"}],"replies":[{"embeddable":true,"href":"https:\/\/somacare.pl\/index.php\/wp-json\/wp\/v2\/comments?post=4909"}],"version-history":[{"count":7,"href":"https:\/\/somacare.pl\/index.php\/wp-json\/wp\/v2\/pages\/4909\/revisions"}],"predecessor-version":[{"id":4924,"href":"https:\/\/somacare.pl\/index.php\/wp-json\/wp\/v2\/pages\/4909\/revisions\/4924"}],"wp:attachment":[{"href":"https:\/\/somacare.pl\/index.php\/wp-json\/wp\/v2\/media?parent=4909"}],"curies":[{"name":"wp","href":"https:\/\/api.w.org\/{rel}","templated":true}]}}