{"id":5070,"date":"2025-03-16T22:55:52","date_gmt":"2025-03-16T21:55:52","guid":{"rendered":"https:\/\/somacare.pl\/?page_id=5070"},"modified":"2025-03-16T23:07:17","modified_gmt":"2025-03-16T22:07:17","slug":"ewelina-stoklosa","status":"publish","type":"page","link":"https:\/\/somacare.pl\/index.php\/ewelina-stoklosa\/","title":{"rendered":"Ewelina Stok\u0142osa"},"content":{"rendered":"\t\t<div data-elementor-type=\"wp-page\" data-elementor-id=\"5070\" class=\"elementor elementor-5070\">\n\t\t\t\t\t\t<section class=\"elementor-section elementor-top-section elementor-element elementor-element-875857f elementor-section-content-middle elementor-section-boxed elementor-section-height-default elementor-section-height-default\" data-id=\"875857f\" data-element_type=\"section\" data-e-type=\"section\">\n\t\t\t\t\t\t<div class=\"elementor-container elementor-column-gap-extended\">\n\t\t\t\t\t<div class=\"elementor-column elementor-col-50 elementor-top-column elementor-element elementor-element-ca799f4\" data-id=\"ca799f4\" data-element_type=\"column\" data-e-type=\"column\">\n\t\t\t<div class=\"elementor-widget-wrap elementor-element-populated\">\n\t\t\t\t\t\t<div class=\"elementor-element elementor-element-6da9e89 elementor-widget elementor-widget-text-editor\" data-id=\"6da9e89\" data-element_type=\"widget\" data-e-type=\"widget\" data-widget_type=\"text-editor.default\">\n\t\t\t\t<div class=\"elementor-widget-container\">\n\t\t\t\t\t\t\t\t\t<h2>mgr Ewelina Stok\u0142osa<\/h2><h4 style=\"margin-bottom: 28px; color: #26aba3; font-weight: bold;\">Osteopata, fizjoterapeuta<\/h4><p>Jestem fizjoterapeuta z 13 letnim sta\u017cem, pracy w r\u00f3\u017cnych koncepcjach terapii manualnej. Od dziewi\u0119ciu lat zg\u0142\u0119biam wiedz\u0119 osteopatyczna, a od 3 lat jestem osteopat\u0105.<\/p><p>Obecnie terapi\u0119 z pacjentem prowadz\u0119 koncepcji osteopatycznej.<\/p><p>Od 19 lat zajmuje si\u0119 ruchem. Jestem instruktorem fitness wielu form, pilatesu, treningu powi\u0119ziowego oraz trenerem<br \/>medycznym. Moja praca z pacjentem opiera si\u0119 na kilku wizytach osteopatycznych, w celu zniesienia, odblokowania ruchu, napi\u0119cia, reakcji, przestrzeni w ciele aby nast\u0119pnie wej\u015b\u0107 w stopniowa aktywno\u015b\u0107 fizyczn\u0105 wg zapotrzebowa\u0144 organizmu.<\/p><p>Na wizycie treningu medycznego pacjent otrzymuje wiele narz\u0119dzi do autoterapii, wskaz\u00f3wki w jaki spos\u00f3b rozumie\u0107 reakcje z cia\u0142a i w jaki spos\u00f3b na nie reagowa\u0107. Nast\u0119pnie przechodzimy przez gam\u0119 \u0107wicze\u0144:<\/p><ul><li>oddechowych,<\/li><li>izometrycznych,<\/li><li>rozci\u0105gaj\u0105cych,<\/li><li>mobilizuj\u0105cych,<\/li><li>wzmacniaj\u0105cych<\/li><\/ul><p>\u00a0&#8211; aby da\u0107 cia\u0142u elastyczno\u015b\u0107, mobilno\u015b\u0107 si\u0142\u0119 i wytrzyma\u0142o\u015b\u0107.<\/p><p>Poprzez zrozumienie potrzeb, empati\u0119, osteopati\u0119 oraz ruch przywracam wraz z pacjentem, organizm na \u015bcie\u017ck\u0119 samoleczenia.<\/p><p>Pracuj\u0119 w stanach ostrych, podostrych i przewlek\u0142ych. Interesuj\u0119 si\u0119 psychologi\u0105, ta\u0144cem, nauk\u0105, odpoczywam w ruchu w naturze na wsi, w<br \/>g\u00f3rach.<\/p><p>Serdecznie zapraszam na wizyt\u0119.<\/p><p>Do zobaczenia, Ewelina.<\/p>\t\t\t\t\t\t\t\t<\/div>\n\t\t\t\t<\/div>\n\t\t\t\t\t<\/div>\n\t\t<\/div>\n\t\t\t\t<div class=\"elementor-column elementor-col-50 elementor-top-column elementor-element elementor-element-3dac063\" data-id=\"3dac063\" data-element_type=\"column\" data-e-type=\"column\">\n\t\t\t<div class=\"elementor-widget-wrap elementor-element-populated\">\n\t\t\t\t\t\t<div class=\"elementor-element elementor-element-d2c2b0a elementor-widget__width-initial elementor-widget elementor-widget-image\" data-id=\"d2c2b0a\" data-element_type=\"widget\" data-e-type=\"widget\" data-widget_type=\"image.default\">\n\t\t\t\t<div class=\"elementor-widget-container\">\n\t\t\t\t\t\t\t\t\t\t\t\t\t\t\t<img fetchpriority=\"high\" decoding=\"async\" width=\"290\" height=\"405\" src=\"https:\/\/somacare.pl\/wp-content\/uploads\/2025\/03\/estoklosa-e1742162545861.png\" class=\"attachment-large size-large wp-image-5075\" alt=\"\" srcset=\"https:\/\/somacare.pl\/wp-content\/uploads\/2025\/03\/estoklosa-e1742162545861.png 290w, https:\/\/somacare.pl\/wp-content\/uploads\/2025\/03\/estoklosa-e1742162545861-215x300.png 215w\" sizes=\"(max-width: 290px) 100vw, 290px\" \/>\t\t\t\t\t\t\t\t\t\t\t\t\t\t\t<\/div>\n\t\t\t\t<\/div>\n\t\t\t\t<div class=\"elementor-element elementor-element-7830003 elementor-widget elementor-widget-spacer\" data-id=\"7830003\" data-element_type=\"widget\" data-e-type=\"widget\" data-widget_type=\"spacer.default\">\n\t\t\t\t<div class=\"elementor-widget-container\">\n\t\t\t\t\t\t\t<div class=\"elementor-spacer\">\n\t\t\t<div class=\"elementor-spacer-inner\"><\/div>\n\t\t<\/div>\n\t\t\t\t\t\t<\/div>\n\t\t\t\t<\/div>\n\t\t\t\t<div class=\"elementor-element elementor-element-0f92725 elementor-widget elementor-widget-rttalkingminds-custombutton\" data-id=\"0f92725\" data-element_type=\"widget\" data-e-type=\"widget\" data-widget_type=\"rttalkingminds-custombutton.default\">\n\t\t\t\t<div class=\"elementor-widget-container\">\n\t\t\t\t\t \n\t\n  <a class=\"custom-button1\" href=\"https:\/\/somacare.pl\/index.php\/umow-wizyte\/\">\n\tUm\u00f3w wizyt\u0119 u Eweliny\t<\/a> \n\t\n  \t\t\t\t<\/div>\n\t\t\t\t<\/div>\n\t\t\t\t<div class=\"elementor-element elementor-element-8e0d8de elementor-widget elementor-widget-spacer\" data-id=\"8e0d8de\" data-element_type=\"widget\" data-e-type=\"widget\" data-widget_type=\"spacer.default\">\n\t\t\t\t<div class=\"elementor-widget-container\">\n\t\t\t\t\t\t\t<div class=\"elementor-spacer\">\n\t\t\t<div class=\"elementor-spacer-inner\"><\/div>\n\t\t<\/div>\n\t\t\t\t\t\t<\/div>\n\t\t\t\t<\/div>\n\t\t\t\t<div class=\"elementor-element elementor-element-3e6506f elementor-widget elementor-widget-html\" data-id=\"3e6506f\" data-element_type=\"widget\" data-e-type=\"widget\" data-widget_type=\"html.default\">\n\t\t\t\t<div class=\"elementor-widget-container\">\n\t\t\t\t\t<a id=\"zl-url\" class=\"zl-url\" href=\"https:\/\/www.znanylekarz.pl\/ewelina-stoklosa\/fizjoterapeuta\/wroclaw\" rel=\"nofollow\" data-zlw-doctor=\"ewelina-stoklosa\" data-zlw-type=\"big_with_calendar\" data-zlw-opinion=\"false\" data-zlw-hide-branding=\"true\" data-zlw-saas-only=\"true\" data-zlw-a11y-title=\"Widget um\u00f3wienia wizyty lekarskiej\">Ewelina Stok\u0142osa - ZnanyLekarz.pl<\/a><script>!function($_x,_s,id){var js,fjs=$_x.getElementsByTagName(_s)[0];if(!$_x.getElementById(id)){js = $_x.createElement(_s);js.id = id;js.src = \"\/\/platform.docplanner.com\/js\/widget.js\";fjs.parentNode.insertBefore(js,fjs);}}(document,\"script\",\"zl-widget-s\");<\/script>\t\t\t\t<\/div>\n\t\t\t\t<\/div>\n\t\t\t\t\t<\/div>\n\t\t<\/div>\n\t\t\t\t\t<\/div>\n\t\t<\/section>\n\t\t\t\t<\/div>\n\t\t","protected":false},"excerpt":{"rendered":"<p>mgr Ewelina Stok\u0142osa Osteopata, fizjoterapeuta Jestem fizjoterapeuta z 13 letnim sta\u017cem, pracy w r\u00f3\u017cnych koncepcjach terapii manualnej. Od dziewi\u0119ciu lat zg\u0142\u0119biam wiedz\u0119 osteopatyczna, a od 3 lat jestem osteopat\u0105. Obecnie terapi\u0119 z pacjentem prowadz\u0119 koncepcji osteopatycznej. Od 19 lat zajmuje si\u0119 ruchem. Jestem instruktorem fitness wielu form, pilatesu, treningu powi\u0119ziowego oraz treneremmedycznym. Moja praca z [&hellip;]<\/p>\n","protected":false},"author":1,"featured_media":0,"parent":0,"menu_order":0,"comment_status":"closed","ping_status":"closed","template":"templates\/page-box-title.php","meta":{"_acf_changed":false,"inline_featured_image":false,"footnotes":""},"class_list":["post-5070","page","type-page","status-publish","hentry"],"acf":[],"_links":{"self":[{"href":"https:\/\/somacare.pl\/index.php\/wp-json\/wp\/v2\/pages\/5070","targetHints":{"allow":["GET"]}}],"collection":[{"href":"https:\/\/somacare.pl\/index.php\/wp-json\/wp\/v2\/pages"}],"about":[{"href":"https:\/\/somacare.pl\/index.php\/wp-json\/wp\/v2\/types\/page"}],"author":[{"embeddable":true,"href":"https:\/\/somacare.pl\/index.php\/wp-json\/wp\/v2\/users\/1"}],"replies":[{"embeddable":true,"href":"https:\/\/somacare.pl\/index.php\/wp-json\/wp\/v2\/comments?post=5070"}],"version-history":[{"count":13,"href":"https:\/\/somacare.pl\/index.php\/wp-json\/wp\/v2\/pages\/5070\/revisions"}],"predecessor-version":[{"id":5087,"href":"https:\/\/somacare.pl\/index.php\/wp-json\/wp\/v2\/pages\/5070\/revisions\/5087"}],"wp:attachment":[{"href":"https:\/\/somacare.pl\/index.php\/wp-json\/wp\/v2\/media?parent=5070"}],"curies":[{"name":"wp","href":"https:\/\/api.w.org\/{rel}","templated":true}]}}